{"id":2849,"date":"2008-08-17T16:08:46","date_gmt":"2008-08-17T23:08:46","guid":{"rendered":"http:\/\/stephendanko.com\/blog\/descendants-of-franciszek-skowronski\/"},"modified":"2020-12-23T15:01:32","modified_gmt":"2020-12-23T23:01:32","slug":"skowronski-genealogy","status":"publish","type":"page","link":"https:\/\/stephendanko.com\/blog\/skowronski-genealogy","title":{"rendered":"Skowro\u0144ski Genealogy"},"content":{"rendered":"<div class=\"entry\">\n<p style=\"text-align: center;\"><strong><em>Generation No. 1<\/em><\/strong><\/p>\n<p>1 .\u00a0 FRANCISZEK SKOWRO\u0143SKI married MA\u0141GORZATA PODESWA, daughter of MICHA\u0141 PODESWA and ANNA RAJENKA.<\/p>\n<p>Children of FRANCISZEK SKOWRO\u0143SKI and MA\u0141GORZATA PODESWA are:<\/p>\n<blockquote><p>2 .\u00a0i .\u00a0ALEKSANDER FRANCISZEK SKOWRO\u0143SKI was\u00c2\u00a0born on 02 February 1886 in Gr\u0105dy, \u0141om\u017ca Gubernia, Vistula Land, Russian Empire .\u00a0 He <a title=\"died on 04 Jan 1970\" href=\"https:\/\/stephendanko.com\/blog\/1148\" target=\"_self\" rel=\"noopener\">died on 04 January 1970<\/a> in Worcester, Worcester County, Massachusetts, USA.<\/p>\n<p>3 .\u00a0ii .\u00a0PAWEL F. SKOWRO\u0143SKI was\u00c2\u00a0born on 28 October 1890 in\u00c2\u00a0Gr\u0105dy, \u0141om\u017ca Gubernia, Vistula Land, Russian Empire .\u00a0 He died on 05 December 1959 in\u00c2\u00a0Worcester, Worcester County, Massachusetts, USA.<\/p>\n<p>4 .\u00a0iii .\u00a0J\u00d3ZEFA SKOWRO\u0143SKA was\u00c2\u00a0born on 13 December 1891 in Gr\u0105dy, \u0141om\u017ca Gubernia, Vistula Land, Russian Empire. \u00c2\u00a0She died on 28 August 1989 in\u00c2\u00a0Gardner, Worcester County, Massachusetts, USA.<\/p><\/blockquote>\n<p style=\"text-align: center;\"><strong><em>Generation No. 2<\/em><\/strong><\/p>\n<p>2 .\u00a0 ALEKSANDER FRANCISZEK SKOWRO\u0143SKI (FRANCISZEK) was\u00c2\u00a0born on 02 February 1887 in Gr\u0105dy, \u0141om\u017ca Gubernia, Vistula Land, Russian Empire .\u00a0 He <a title=\"died on 04 Jan 1970\" href=\"https:\/\/stephendanko.com\/blog\/1148\" target=\"_self\" rel=\"noopener\">died on 04 January 1970<\/a> in Worcester, Worcester County, Massachusetts, USA .\u00a0 He\u00c2\u00a0and FRANCISZKA DYMEK, daughter of J\u00d3ZEF DYMEK and BRONIS\u0141AWA GO\u0141A\u015a,\u00a0were married on 19 February 1906 in Woonsocket, Providence County, Rhode Island, USA .\u00a0 She was born on 03 May 1888 in Vistula Land, Russian Empire .\u00a0\u00c2\u00a0She\u00c2\u00a0<a title=\"died on 22 Jun 1963\" href=\"https:\/\/stephendanko.com\/blog\/1145\" target=\"_self\" rel=\"noopener\">died on 22 June 1963<\/a> in Worcester, Worcester County, Massachusetts, USA and was buried in 1963 in Worcester, Worcester County, Massachusetts, USA.<\/p>\n<p>Children of ALEKSANDER SKOWRO\u0143SKI and FRANCISZKA DYMEK are:<\/p>\n<blockquote><p>i .\u00a0ADAM SKOWRONSKI was <a title=\"born on 24 December 1906\" href=\"https:\/\/stephendanko.com\/blog\/1094\" target=\"_self\" rel=\"noopener\">born on 24 December 1906<\/a> in Gardner, Worcester County, Massachusetts, USA .\u00a0 He <a title=\"died on 28 December 1906\" href=\"https:\/\/stephendanko.com\/blog\/1098\" target=\"_self\" rel=\"noopener\">died on 28 December 1906<\/a> in Gardner, Worcester County, Massachusetts, USA and was buried in Gardner, Worcester County, Massachusetts, USA.<\/p>\n<p>ii .\u00a0ALEXANDER SKOWRONSKI was <a title=\"born on 24 August 1908\" href=\"https:\/\/stephendanko.com\/blog\/1120\" target=\"_self\" rel=\"noopener\">born on 24 August 1908<\/a> in Pittsfield, Berkshire County, Massachusetts, USA .\u00a0 He died on 12 October 1909 in Worcester, Worcester County, Massachusetts, USA and was buried on 13 October 1909 in St. John&#8217;s Cemetery, Worcester, Worcester County, Massachusetts, USA.<\/p>\n<p>5 .\u00a0iii .\u00a0BENJAMIN STANLEY SKOWRONSKI, SR. was <a title=\"born in May 1910\" href=\"https:\/\/stephendanko.com\/blog\/1123\" target=\"_self\" rel=\"noopener\">born on 01 May 1910<\/a> in Worcester, Worcester County, Massachusetts, USA .\u00a0 He died on 06 November 1998 in Memorial Hospital, Worcester, Worcester County, Massachusetts, USA.<\/p>\n<p>6 .\u00a0iv .\u00a0EDWARD ALEXANDER SKOWRONSKI was\u00c2\u00a0<a title=\"born on 20 August 1912\" href=\"https:\/\/stephendanko.com\/blog\/13948\">born on 20 August 1912<\/a> in Worcester, Worcester County, Massachusetts, USA .\u00a0 He died on 29 August 1995 in Worcester, Worcester County, Massachusetts, USA.<\/p>\n<p>7 .\u00a0v .\u00a0CHESTER STANLEY SKOWRONSKI was <a title=\"born on 17 December 1914\" href=\"https:\/\/stephendanko.com\/blog\/13985\">born on 17 December 1914<\/a> in Worcester, Worcester County, Massachusetts .\u00a0 He died on 22 January 2005 in Whitinsville, Worcester County, Massachusetts, USA.<\/p>\n<p>8 .\u00a0vi .\u00a0JEAN BARBARA SKOWRONSKI was <a title=\"born on 31 March 2007\" href=\"https:\/\/stephendanko.com\/blog\/14209\">born on 31 March 1917<\/a> in Worcester, Worcester County, Massachusetts .\u00a0 She\u00c2\u00a0<a title=\"died on 18 October 1996\" href=\"https:\/\/stephendanko.com\/blog\/1178\" target=\"_self\" rel=\"noopener\">died on 18 October 1996<\/a> in Worcester, Worcester County, Massachusetts, USA.<\/p>\n<p>vii .\u00a0FRANCIS SKOWRONSKI was <a title=\"born on 26 October 1919\" href=\"https:\/\/stephendanko.com\/blog\/1126\" target=\"_self\" rel=\"noopener\">born on 26 October 1919<\/a> in Worcester, Worcester County, Massachusetts, USA .\u00a0 He died\u00c2\u00a0on about\u00c2\u00a002\u00c2\u00a0May 1921 and was buried in St. John&#8217;s Cemetery, Worcester, Worcester County, Massachusetts, USA.<\/p>\n<p>viii. SOFIE SKOWRONSKI was\u00c2\u00a0born in 1926 .\u00a0 She died in 1926.<\/p><\/blockquote>\n<p>3 .\u00a0 PAWE\u0141 F. SKOWRO\u0143SKI (FRANCISZEK) was born on 8 October 1890 in Gr\u0105dy, \u0141om\u017ca Gubernia, Vistula Land, Russian Empire, and died on 05 Dec 1959 in Worcester, Worcester County, Massachusetts, USA .\u00a0 He\u00c2\u00a0and MARJANNA H. ZABORCZYK, daughter of FRANK ZABORCZYK and MARY LADA,\u00a0were <a title=\"married on 09 October 1909\" href=\"https:\/\/stephendanko.com\/blog\/1072\" target=\"_self\" rel=\"noopener\">married on 09 October 1909<\/a> in Gardner, Worcester County, Massachusetts, USA .\u00a0 She was born on 14 October 1888 in Vistula Land, Russian Empire .\u00a0 She died on 24 November 1971 in Worcester, Worcester County, Massachusetts, USA.<\/p>\n<p>Children of PAWE\u0141 SKOWRO\u0143SKI and MARJANNA ZABORCZYK are:<\/p>\n<blockquote><p>9 .\u00a0i .\u00a0AGNES H. SKOWRONSKI was <a title=\"born on 22 December 1910\" href=\"https:\/\/stephendanko.com\/blog\/14008\">born on\u00c2\u00a022 December 1910<\/a> in Gardner, Worcester County, Massachusetts, USA .\u00a0 She died on\u00c2\u00a004 November 2002 in\u00c2\u00a0Worcester, Worcester County, Massachusetts, USA.<\/p>\n<p>ii .\u00a0EDMOND SKOWRONSKI was <a title=\"born on 31 December 1913\" href=\"https:\/\/stephendanko.com\/blog\/13960\">born on 31 December 1913<\/a> in Worcester, Worcester County, Massachusetts, USA .\u00a0 He died in May 1986 in Tucson, Pima County, Arizona, USA.<\/p>\n<p>iii. HELENA SKOWRONSKI was <a title=\"born on 22 December 1915\" href=\"https:\/\/stephendanko.com\/blog\/13954\">born\u00c2\u00a0on 22 December\u00c2\u00a01915<\/a> in Gardner, Worcester County, Massachusetts, USA .\u00a0 She died on about 28 March 1918 and was buried\u00c2\u00a0in St. John&#8217;s Cemetery, Worcester, Worcester County, Massachusetts, USA.<\/p>\n<p>10 .\u00a0iv .\u00a0MARY A. SKOWRONSKI was <a title=\"born on 20 June 1917\" href=\"https:\/\/stephendanko.com\/blog\/14202\">born on 20 June 1917<\/a> in Worcester, Worcester County, Massachusetts, USA .\u00a0 She died on 17 January 2005 in Webster, Worcester County, Massachusetts, USA.<\/p>\n<p>11 .\u00a0v .\u00a0CHARLOTTE M. SKOWRONSKI was born on 07 March 1919 in Worcester, Worcester County, Massachusetts .\u00a0 She died on 30 November 1996 in Worcester, Worcester County, Massachusetts, USA.<\/p>\n<p>12 .\u00a0vi .\u00a0THEODORE P. SKOWRONSKI was born on 22 March 1922 in Worcester, Worcester County, Massachusetts, USA .\u00a0 He died on 30 May 1993 in Worcester, Worcester County, Massachusetts, USA.<\/p>\n<p>13 .\u00a0vii .\u00a0IRENE P. SKOWRONSKI was born on 22 Jul 1926 in Worcester, Worcester County, Massachusetts .\u00a0 She died on 12 Oct 2003 in Worcester, Worcester County, Massachusetts, USA.<\/p><\/blockquote>\n<p>4 .\u00a0 J\u00d3ZEFA SKOWRO\u0143SKI (FRANCISZEK) was born on 13 December 1891 in Gr\u0105dy, \u0141om\u017ca Gubernia, Vistula Land, Russian Empire .\u00a0 She died on 28 August 1989 in Gardner, Worcester County, Massachusetts, USA .\u00a0 She\u00c2\u00a0and CZES\u0141AW PSZCZ\u00d3\u0141KOWSKI were <a title=\"married on 26 October 1908\" href=\"https:\/\/stephendanko.com\/blog\/1151\" target=\"_self\" rel=\"noopener\">married on 26 October 1908<\/a> in Gardner, Worcester County, Massachusetts, USA .\u00a0 He was born on 16 May 1887 in Ostrol\u0119ka, Ostro\u0142\u0119ka Powiat,\u00a0\u0141om\u017ca Gubernia, Vistula Land, Russian Empire .\u00a0 He died in 1959.<\/p>\n<p>Children of J\u00d3ZEFA SKOWRO\u0143SKI and CZES\u0141AW PSZCZ\u00d3\u0141KOWSKI are:<\/p>\n<blockquote>\n<p style=\"text-align: left;\">\u00c2\u00a014 .\u00a0i .\u00a0KAZMERA S. PSZCZOLKOWSKI was <a title=\"born on 03 March 1913\" href=\"https:\/\/stephendanko.com\/blog\/14020\">born on 03 March 1913<\/a> in Gardner, Worcester County, Massachusetts, USA .\u00a0 She died on 06 September 2000 in\u00c2\u00a0Gardner, Worcester County, Massachusetts., USA.<\/p>\n<p style=\"text-align: left;\">ii. ZIGMUND PSZCZOLKOWSKI was born on 27 Apr 1915 in Massachusetts, USA .\u00a0 He died on 26 December 1992 in Shirley, Middlesex County, Massachusetts, USA .\u00a0 He and RACHEL YVONNE SEGUIN were married .\u00a0 She was born on 27 September 1922 .\u00a0 She died in November 1963.<\/p>\n<p style=\"text-align: left;\">iii. CHESTER PSCZOLKOWSKI was <a title=\"born on 05 December 1917\" href=\"https:\/\/stephendanko.com\/blog\/14191\">born on 05 December 1917 <\/a>in Gardner, Worcester County, Massachusetts, USA.<\/p>\n<p style=\"text-align: center;\"><strong>Generation No. 3<\/strong><\/p>\n<\/blockquote>\n<p>5 .\u00a0 ADAM SKOWRONSKI (ALEKSANDER FRANCISZEK, FRANCISZEK) was born on 24 December 1909 in Gardner, Worcester County, Massachusetts, USA. \u00c2\u00a0He died on 28 December 1906 in Gardner, Worcester County, Massachusetts, USA and was buried after 28 December 1906 in Saint John&#8217;s Cemetery, Gardner, Worcester County, Massachusetts, USA.<\/p>\n<p>6. ALEXANDER SKOWRONSKI (ALEKSANDER FRANCISZEK, FRANCISZEK) was born on 24 August 1908 in Pittsfield, Berkshire County, Massachusetts, USA. \u00c2\u00a0He died on 12 October 1909 in Worcester, Worcester County, Massachusetts, USA and was buried 13 October 1909 in Saint John&#8217;s Cemetery, Worcester, Worcester County, Massachusetts, USA.<\/p>\n<p>7 .\u00a0 BENJAMIN STANLEY SKOWRONSKI, SR. (ALEKSANDER FRANCISZEK, FRANCISZEK) was <a title=\"born in May 1910\" href=\"https:\/\/stephendanko.com\/blog\/1123\" target=\"_self\" rel=\"noopener\">born on 01 May 1910<\/a> in Worcester, Worcester County, Massachusetts, USA. \u00c2\u00a0He died on 06 Nov 1998 in Worcester, Worcester County, Massachusetts, USA and was <a title=\"buried on 10 November 1998\" href=\"https:\/\/stephendanko.com\/blog\/1131\" target=\"_self\" rel=\"noopener\">buried on 10 November 1998<\/a> in Notre Dame Cemetery, Worcester, Worcester County, Massachusetts, USA .\u00a0 He\u00c2\u00a0and \u00c2\u00a0(1) MARY B. RADZIK were married .\u00a0 She was born in 1918. \u00c2\u00a0She died in February 1959 and was <a title=\"buried on 10 February 1959\" href=\"https:\/\/stephendanko.com\/blog\/1135\" target=\"_self\" rel=\"noopener\">buried on 10 February 1959<\/a> in Notre Dame Cemetery, Worcester, Worcester County, Massachusetts, USA .\u00a0 He\u00c2\u00a0and (2) RUTH E. GRILLO\u00c2\u00a0were married in about\u00c2\u00a01964, daughter of ANTHONY GRILLO and GERTRUDE VON\u00c2\u00a0ROSSELER .\u00a0 She was born on 15 June 1926 in Jersey City, Hudson County, New Jersey, USA .\u00a0 She\u00c2\u00a0died on 17 December 2000 in Burlington, Chittenden County, Vermont, USA and was <a title=\"buried on 12 December 2000\" href=\"https:\/\/stephendanko.com\/blog\/1131\" target=\"_self\" rel=\"noopener\">buried on 12 December 2000<\/a> in Notre Dame Cemetery, Worcester, Worcester County, Massachusetts, USA.<\/p>\n<p>8 .\u00a0 EDWARD ALEXANDER SKOWRONSKI (ALEKSANDER FRANCISZEK, FRANCISZEK) was <a title=\"born on 20 August 1912\" href=\"https:\/\/stephendanko.com\/blog\/13948\">born on 20 August 1912<\/a> in Worcester, Worcester County, Massachusetts, USA .\u00a0 He died on 29 August 1995 in Worcester, Worcester County, Massachusetts, USA .\u00a0 He and BERNICE CELIA MARKIEWICZ, daughter of STANISLAW MARKIEWICZ and ANTONINA LEJWODA,\u00a0were married on 21 November 1936 in Worcester, Worcester County, Massachusetts, USA .\u00a0 She was <a title=\"born on 07 October 1915\" href=\"https:\/\/stephendanko.com\/blog\/13978\">born on 07 October 1915<\/a> in Worcester, Worcester County, Massachusetts, USA, and died on 14 October 1974 in Worcester, Worcester County, Massachusetts, USA.<\/p>\n<p>9 .\u00a0 CHESTER STANLEY SKOWRONSKI (ALEKSANDER FRANCISZEK, FRANCISZEK) was <a title=\"born on 17 Decmber 1914\" href=\"https:\/\/stephendanko.com\/blog\/1117\" target=\"_self\" rel=\"noopener\">born on 17 December 1914<\/a> in Worcester, Worcester County, Massachusetts, USA .\u00a0 He died on 22 January 2005 in\u00c2\u00a0Whitinsville, Worcester County, Massachusetts, USA .\u00a0 He and MARY A. PIANOWSKI, daughter of FRANK PIANOWSKI and GERTRUDE CHORNZY, were married\u00c2\u00a0on 12 June 1937 in Worcester, Worcester County, Massachusetts, USA .\u00a0 She was born on 25 December 1919 in Princeton, Worcester County, Massachusetts, USA,\u00a0and died on 19 January 1997 in Worcester, Worcester County, Massachusetts, USA.<\/p>\n<p>Child of CHESTER SKOWRONSKI and MARY PIANOWSKI is:<\/p>\n<blockquote><p>i .\u00a0CHESTER R. SKOWRONSKI, SR. was born in 18 September 1938 in Worcester, Worcester County, Massachusetts, USA .\u00a0 He died on 22 May 2005 in Awendaw, Charleston County, South Carolina, USA.<\/p><\/blockquote>\n<p>10 .\u00a0 JEAN BARBARA SKOWRONSKI (ALEKSANDER FRANCISZEK, FRANCISZEK) was <a title=\"born on 31 March 2007\" href=\"https:\/\/stephendanko.com\/blog\/1129\" target=\"_self\" rel=\"noopener\">born on 31 March 1917<\/a> in Worcester, Worcester County, Massachusetts, USA. She\u00c2\u00a0<a title=\"died on 18 October 1996\" href=\"https:\/\/stephendanko.com\/blog\/1178\" target=\"_self\" rel=\"noopener\">died on 18 October 1996<\/a> in Worcester, Worcester County, Massachusetts, USA .\u00a0 She\u00c2\u00a0and (1) ROBERT H. SHARRON, SR., son of GEORGE FRANCIS SHARRON and ROSE ADORINE TATRO, were married on 18 Feb 1939 in Worcester, Worcester County, Massachusetts, USA .\u00a0 He was born on 15 Apr 1917 in Millbury, Worcester County, Massachusetts, USA, and died in 1946 in Millbury, Worcester County, Massachusetts, USA .\u00a0 She\u00c2\u00a0and (2) MICHAEL JOHN DANKO, son of MICHAEL DANKO and MARIANNA DZIURZYNSKA,\u00a0were married on 12 Jul 1952 in Worcester, Worcester County, Massachusetts, USA .\u00a0 He was born on 13 September 1913 in Worcester, Worcester County, Massachusetts, USA .\u00a0 He <a title=\"died on 19 Nov 1981\" href=\"https:\/\/stephendanko.com\/blog\/1175\" target=\"_self\" rel=\"noopener\">died on 19 November 1981<\/a> in Worcester, Worcester County, Massachusetts, USA and was\u00c2\u00a0<a title=\"buried on 21 November 1981\" href=\"https:\/\/stephendanko.com\/blog\/1175\" target=\"_self\" rel=\"noopener\">buried on 21 November 1981<\/a> in Notre Dame Cemetery, Worcester, Worcester County, Massachusetts, USA.<\/p>\n<p>Child of JEAN SKOWRONSKI and ROBERT H. SHARRON, SR .\u00a0is:<\/p>\n<blockquote><p>i .\u00a0BARBARA J. SHARRON was born on 22 August 1942 in\u00c2\u00a0Worcester, Worcester County, Massachusetts, USA .\u00a0 She died on 24 December 2003 in\u00c2\u00a0Worcester, Worcester County, Massachusetts, USA .\u00a0 She and GEORGE T. HAFFTY were married. He was born on 02 January 1923 in Worcester, Worcester County, Massachusetts, USA .\u00a0 He died on 23 May 2005 in\u00c2\u00a0Worcester, Worcester County, Massachusetts, USA.<\/p>\n<p>ii. ROBERT H. SHARRON, JR. was born on 28 December 1946 in Worcester, Worcester County, Massachusetts, USA .\u00a0 He died on 20 June 2011 in Worcester, Worcester County, Massachusetts, USA and was buried on 02 July 2011.<\/p><\/blockquote>\n<p>11 .\u00a0 HELEN FRANCES SKOWRONSKI (ALEKSANDER FRANCISZEK, FRANCISZEK) was born on 17 March 1923 in Worcester, Worcester County, Massachusetts, USA .\u00a0 She died on 15 September 2016 in Sutton, Worcester County, Massachusetts, USA and was buried 20 September 2016 in Notre Dame Cemetery, Worcester, Worcester County, Massachusetts, USA. She and JOSEPH JOHN DANKO son of MICHAEL DANKO and MARIANNA DZIURZYNSKA, were married on 26 February 1946 in Worcester, Worcester County, Massachusetts, USA .\u00a0 He was born on 02 September 1919 in Worcester, Worcester County, Massachusetts, USA .\u00a0 He died on 05 July 1991 in Worcester, Worcester County, Massachusetts, USA and was buried on 08 July 1991 in Notre Dame Cemetery, Worcester, Worcester County, Massachusetts, USA.<\/p>\n<p>12 .\u00a0 SOPHIE SKOWRONSKI (ALEKSANDER FRANCISZEK, FRANCISZEK) was born IN 1926 in Massachusetts, USA .\u00a0 She died in 1926 in Massachusetts, USA.<\/p>\n<p>13 .\u00a0 AGNES H. SKOWRONSKI (PAWE\u0141 F., FRANCISZEK) was <a title=\"born on 22 December 1910\" href=\"https:\/\/stephendanko.com\/blog\/14008\">born on 22 December 1910 <\/a>in Gardner, Worcester Co., Massachusetts, USA .\u00a0 She died on 04 November 2002 in Worcester, Worcester County, Massachusetts .\u00a0 She\u00c2\u00a0and (1) JOHN KUPSTAS, son of JACOB KUPSTAS and VERONICA SHURAKAUSKUTA, were married .\u00a0 He was <a title=\"born on 17 December 1908\" href=\"https:\/\/stephendanko.com\/blog\/13971\">born on 17 December 1908<\/a> in Worcester, Worcester County, Massachusetts, USA .\u00a0 He died on 28 September 1936 in Worcester, Worcester County, Massachusetts, USA .\u00a0 She and (2) PETER OPACKI, son of RAYMOND OPACKI and DOMENICA OLENDER, were married .\u00a0 He was born on 22 February 1919 in West Sutton, Worcester County, Massachusetts, USA, and died on 31 July 2004 in Worcester, Worcester County, Massachusetts, USA.<\/p>\n<p>Child of AGNES SKOWRONSKI and JOHN KUPSTAS is:<\/p>\n<blockquote><p>v .\u00a0LORRAINE KUPSTAS died on 27 February 1959, Worcester, Worcester County, Massachusetts, USA.<\/p><\/blockquote>\n<p>14 .\u00a0 MARY A. SKOWRONSKI (PAWE\u0141 F., FRANCISZEK) was born on 20 June 1917 in Worcester, Worcester County, Massachusetts, USA .\u00a0 She died on 17 January 2005 in Webster, Worcester County, Massachusetts, USA .\u00a0 She and RAYMOND ARTHUR GAGNON, SR., son of GEORGE GAGNON and REGINA DUBE were married .\u00a0 He was born on 02 Jun 1913 in Worcester, Worcester County, Massachusetts, USA .\u00a0\u00c2\u00a0He died on 09 May 1984 in Worcester, Worcester County, Massachusetts, USA.<\/p>\n<p>15 .\u00a0 CHARLOTTE M. SKOWRONSKI (PAWE\u0141 F., FRANCISZEK) was born on 07 March 1919 in Worcester, Worcester County, Massachusetts, USA .\u00a0 She died on 30 November 1996 in Worcester, Worcester County, Massachusetts, USA .\u00a0 She and PAUL S. OJERHOLM, son of JULIUS OJERHOLM and EMMA HULT, were married between 1941 and 1942 .\u00a0 He was born on 26 October 1921 in Worcester, Worcester County, Massachusetts, USA .\u00a0 He died on 28 August 2002 in Worcester, Worcester County, Massachusetts, USA.<\/p>\n<p>16 .\u00a0 THEODORE P. SKOWRONSKI (PAWE\u0141 F., FRANCISZEK) was born on 22 March 1922 in Worcester, Worcester County, Massachusetts .\u00a0 He died on 30 May 1993 in Worcester, Worcester County, Massachusetts, USA .\u00a0 He and JOSEPHINE A. MYEFSKI, daughter of JOSEPH MYEFSKI and BENEDICTA TOMKUS, were married between 1940 and 1941 .\u00a0 She was born on 24 June 1921 in Massachusetts, USA .\u00a0 She died on 15 October 2001 in Worcester, Worcester County, Massachusetts, USA.<\/p>\n<p>Children of THEODORE SKOWRONSKI and JOSEPHINE MYEFSKI are:<\/p>\n<blockquote><p>i .\u00a0THADDEUS P. SKOWRONSKI, JR. was born on\u00c2\u00a014 November 1954 in\u00c2\u00a0Worcester, Worcester County, Massachusetts, USA\u00c2\u00a0and died on 07 June 1989 in Worcester, Worcester County, Massachusetts, USA.<\/p><\/blockquote>\n<p>17 .\u00a0 IRENE P. SKOWRONSKI (PAWE\u0141 F., FRANCISZEK) was born 22 July 1926 in Worcester, Worcester County, Massachusetts and died 12 October 2003 in Worcester, Worcester County, Massachusetts .\u00a0 She married ANTHONY P. KIRVILAITIS .\u00a0 He was born 12 Jul 1917 in Ohio, USA and died 18 May 1999 in Oxford, Worcester County, Massachusetts, USA.<\/p>\n<p>Child of IRENE SKOWRONSKI and ANTHONY KIRVILAITIS is:<\/p>\n<blockquote><p>i .\u00a0ANTHONY KIRVILAITIS was born on\u00c2\u00a007 August 1956 in\u00c2\u00a0Worcester, Worcester County, Massachusetts, USA and died on 14 January 2002 in\u00c2\u00a0Boston, Suffolk County, Massachussetts, USA.<\/p><\/blockquote>\n<p>18 .\u00a0 KAZMERA S. PSZCZ\u00d3\u0141KOWSKI (J\u00d3ZEFA SKOWRO\u0143SKA, FRANCISZEK) was <a title=\"born on 03 March 1913\" href=\"https:\/\/stephendanko.com\/blog\/14020\">born on 03 March 1913<\/a> in Gardner, Worcester County, Massachusetts, USA and died on 06 September 2000 in Gardner, Worcester County, Massachusetts, USA .\u00a0 She married (1) STANLEY DYMEK\u00c2\u00a0before 1968 .\u00a0 He was born on 21 July 1912, and died in March 1968 .\u00a0 She married (2) JAMES SUTHERBY\u00c2\u00a0after 1968, son of JAMES SUTHERBY and BRIDGET COLE .\u00a0 He was born\u00c2\u00a0on 15 February\u00c2\u00a01912 in New York City, New York County, New York, USA and died on 16 December 1995 in Gardner, Worcester County, Massachusetts, USA.<\/p>\n<p style=\"text-align: center;\">Copyright \u00a9 2007-2020 by Stephen J. Danko<\/p>\n<\/div>\n","protected":false},"excerpt":{"rendered":"<p>Generation No. 1 1 .\u00a0 FRANCISZEK SKOWRO\u0143SKI married MA\u0141GORZATA PODESWA, daughter of MICHA\u0141 PODESWA and ANNA RAJENKA. Children of FRANCISZEK SKOWRO\u0143SKI and MA\u0141GORZATA PODESWA are: 2 .\u00a0i .\u00a0ALEKSANDER FRANCISZEK SKOWRO\u0143SKI was\u00c2\u00a0born on 02 February 1886 in Gr\u0105dy, \u0141om\u017ca Gubernia, Vistula &hellip; <a href=\"https:\/\/stephendanko.com\/blog\/skowronski-genealogy\">Continue reading <span class=\"meta-nav\">&rarr;<\/span><\/a><\/p>\n","protected":false},"author":1,"featured_media":0,"parent":0,"menu_order":12,"comment_status":"open","ping_status":"open","template":"","meta":{"jetpack_post_was_ever_published":false,"footnotes":""},"class_list":["post-2849","page","type-page","status-publish","hentry"],"jetpack_shortlink":"https:\/\/wp.me\/PyBfX-JX","jetpack_sharing_enabled":true,"_links":{"self":[{"href":"https:\/\/stephendanko.com\/blog\/wp-json\/wp\/v2\/pages\/2849","targetHints":{"allow":["GET"]}}],"collection":[{"href":"https:\/\/stephendanko.com\/blog\/wp-json\/wp\/v2\/pages"}],"about":[{"href":"https:\/\/stephendanko.com\/blog\/wp-json\/wp\/v2\/types\/page"}],"author":[{"embeddable":true,"href":"https:\/\/stephendanko.com\/blog\/wp-json\/wp\/v2\/users\/1"}],"replies":[{"embeddable":true,"href":"https:\/\/stephendanko.com\/blog\/wp-json\/wp\/v2\/comments?post=2849"}],"version-history":[{"count":30,"href":"https:\/\/stephendanko.com\/blog\/wp-json\/wp\/v2\/pages\/2849\/revisions"}],"predecessor-version":[{"id":22536,"href":"https:\/\/stephendanko.com\/blog\/wp-json\/wp\/v2\/pages\/2849\/revisions\/22536"}],"wp:attachment":[{"href":"https:\/\/stephendanko.com\/blog\/wp-json\/wp\/v2\/media?parent=2849"}],"curies":[{"name":"wp","href":"https:\/\/api.w.org\/{rel}","templated":true}]}}