{"id":2847,"date":"2008-08-17T16:03:01","date_gmt":"2008-08-17T23:03:01","guid":{"rendered":"http:\/\/stephendanko.com\/blog\/descendants-of-wincenty-chmielewski\/"},"modified":"2015-06-21T16:51:56","modified_gmt":"2015-06-21T23:51:56","slug":"chmielewski-genealogy","status":"publish","type":"page","link":"https:\/\/stephendanko.com\/blog\/chmielewski-genealogy","title":{"rendered":"Chmielewski Genealogy"},"content":{"rendered":"<p style=\"text-align: center;\"><em><strong>Generation No. 1<\/strong><\/em><\/p>\n<p style=\"text-align: left;\">1. <strong>WINCENTY CHMIELEWSKI<\/strong> was born in Vilnius Gubernia, Russia, and died in Vilnius Gubernia, Russia. He married (1) <strong>SCHOLASTYKA WOJTCZUKA<\/strong> before 1874. He married (2) <strong>ANASTASIA WOJNOWSKA<\/strong> after 1886. She was born in Vilnius Gubernia, Russia, and died in Vilnius Gubernia, Russia.<br \/>\nChildren of WINCENTY CHMIELEWSKI and SCHOLASTYKA WOJTCZUKA are:<\/p>\n<blockquote><p>2. i. <strong>JOSEPH CHMIELEWSKI<\/strong> was <a title=\"born on 19 April 1874\" href=\"https:\/\/stephendanko.com\/blog\/1860\">born\u00c2\u00a0on 19 April 1874<\/a> in Liki\u00c5\u00a1kiai, Vilnius Gubernia, Russian Empire and was <a title=\"baptized on 22 April 1874\" href=\"https:\/\/stephendanko.com\/blog\/1860\">baptized on 22 April 1874<\/a> in the Roman Catholic Parish of Butrymonys, Vilnius Gubernia, Russian Empire. He died before 1934 in Massachusetts.<\/p>\n<p>ii. <strong>STEPHANIE S. CHMIELEWSKI<\/strong> was born 07 Feb 1886, Butrimonys, Alytaus Region, Russia. She <a title=\"died on 31 January 1973\" href=\"https:\/\/stephendanko.com\/blog\/120\">died on 31 January 1973<\/a> inWorcester, Worcester County, Massachusetts, USA and was <a title=\"buried on 02 February 1973\" href=\"https:\/\/stephendanko.com\/blog\/120\">buried on 02 February 1973<\/a> in <a title=\"Notre Dame Cemetery\" href=\"https:\/\/stephendanko.com\/blog\/120\">Notre Dame Cemetery<\/a>, Worcester, Worcester County, Massachusetts, USA.<\/p>\n<p>iii. <strong>ARTURS CHMIELEWSKI<\/strong> was born about 1880.<\/p>\n<p>iv. <strong>W\u0141ADYS\u0141AW CHMIELEWSKI<\/strong> was <a title=\"born on 25 November 1883\" href=\"https:\/\/stephendanko.com\/blog\/1864\">born on 25 November 1883<\/a> in Liki\u00c5\u00a1kiai, Vilnius Gubernia, Russian Empire<br \/>\nand <a title=\"baptized on 27 November 1883\" href=\"https:\/\/stephendanko.com\/blog\/1864\">baptized on 27 November 1883<\/a> in Butrymonys, Vilnius Gubernia, Russian Empire.<\/p>\n<p>iv. <strong>VINCENT CHMIELEWSKI, JR.<\/strong> was born in about 1891.<\/p><\/blockquote>\n<p>Children of WINCENTY CHMIELEWSKI and ANASTASIA WOJNOWSKA are:<\/p>\n<blockquote><p>3. v. <strong>HELEN ANNE CHMIELEWSKA<\/strong> was born on 15 Feb 1897 in Trakai, Vilnius Gubernia, Russian Empire, and died on 23 Nov 1980 in\u00c2\u00a0Worcester, Worcester County, Massachusetts, USA.<\/p>\n<p>4. vi. <strong>ONA CHMIELEWSKA<\/strong> was born on 18 Jun 1899 in\u00c2\u00a0Likiskiai, Butrimonys County, Alytaus Region, Vilnius Gubernia, Russian Empire, and died 31 May 1969, Alytus, Alytaus Co., Lithuania, USSR.<\/p><\/blockquote>\n<p style=\"text-align: center;\"><strong><em>Generation No. 2<\/em><\/strong><\/p>\n<p style=\"text-align: left;\">2. <strong>JOSEPH CHMIELEWSKI<\/strong> (WINCENTY) was born 03 Apr 1874 in Wilno, Gubernia Wilenska, Russia \/Lithuania. \u00c2\u00a0He died\u00c2\u00a0in 1933\u00c2\u00a0and was buried in <a title=\"Notre Dame Cemetery\" href=\"https:\/\/stephendanko.com\/blog\/1082\">Notre Dame Cemetery<\/a>, Worcester, Worcester County, Massachusetts, USA .\u00a0 He\u00c2\u00a0and KATARZYNA WARCHOL, daughter of JAN WARCHOL and MARIANNA were <a title=\"married on 01 October 1894\" href=\"https:\/\/stephendanko.com\/blog\/14142\">married on 01 October 1894<\/a> in Chicopee, Hampden County, Massachusetts, USA .\u00a0 She was born between 1873 &#8211; 1880 in Poland .\u00a0 She\u00c2\u00a0died on 28 Aug 1928 in Massachusetts and was buried in <a title=\"Notre Dame Cemetery\" href=\"https:\/\/stephendanko.com\/blog\/1082\">Notre Dame Cemetery<\/a>, Worcester, Worcester County, Massachusetts, USA.<\/p>\n<p style=\"text-align: left;\">\u00c2\u00a0Children of JOSEPH CHMIELEWSKI and KATARZYNA WARCHOL are:<\/p>\n<blockquote><p>i. <strong>HARRY JOHN MELESKI<\/strong> was <a title=\"born on 03 May 1898\" href=\"https:\/\/stephendanko.com\/blog\/866\">born on 03 May 1898<\/a> in Holyoke, Hampden County, Massachusetts, USA .\u00a0 He <a title=\"died on 08 January 1981\" href=\"https:\/\/stephendanko.com\/blog\/862\"> died on 08 January 1981<\/a> in Worcester, Worcester County, Massachusetts, USA and was <a title=\"buried on 12 January 1981\" href=\"https:\/\/stephendanko.com\/blog\/32\">buried on 12 January 1981<\/a> in Hope Cemetery, Worcester, Worcester County, Massachusetts, USA .\u00a0 He\u00c2\u00a0and <strong>MARGARET WERME<\/strong> were married after 1930 .\u00a0 She was <a title=\"born on 23 February 1902\" href=\"https:\/\/stephendanko.com\/blog\/14097\">born on 23 February 1902<\/a> in Worcester, Worcester County, Massachusetts, USA. \u00c2\u00a0She\u00c2\u00a0died on 22 April 1983 in\u00c2\u00a0Worcester, Worcester County, Massachusetts, USA and was <a title=\"buried on 25 April 1983\" href=\"https:\/\/stephendanko.com\/blog\/32\">buried on 25 April 1983<\/a> in Hope Cemetery, Worcester, Worcester County, Massachusetts, USA.<\/p>\n<p>ii. <strong>FRANCIS J. CHMIELEWSKI<\/strong> was born on <a title=\"born on 04 October 1901\" href=\"https:\/\/stephendanko.com\/blog\/14104\">04 October 1901<\/a> in Worcester, Worcester Co., Massachusetts, USA. He died before 2000.<\/p>\n<p>iii. <strong>HELENE RITA MELESKI <\/strong>was <a title=\"born on 02 December 1904\" href=\"https:\/\/stephendanko.com\/blog\/14109\">born on 02 December 1904 <\/a>in\u00c2\u00a0Worcester, Worcester\u00c2\u00a0County, Massachusetts, USA .\u00a0 She died on 08 June 1993 in\u00c2\u00a0Worcester, Worcester County, Massachusetts and was buried in <a title=\"Notre Dame Cemetery\" href=\"https:\/\/stephendanko.com\/blog\/1082\">Notre Dame Cemetery<\/a> in Worcester, Worcester County, Massachusetts, USA. \u00c2\u00a0She married <strong>ZYGMUND STANLEY MIKOLOSKI<\/strong> in\u00c2\u00a0about 1929 .\u00a0 He was born on 21 Dec 1899 in Bielsk, P\u0142ock Powiat, P\u0142ock Gubernia, Congress Kingdom of Poland and\u00c2\u00a0died on 09 October 1972 in\u00c2\u00a0Worcester, Worcester County, Massachusetts, USA.<\/p>\n<p>iv. <strong>ANTHONY P. MELESKI <\/strong>was <a title=\"born on 14 June 1907\" href=\"https:\/\/stephendanko.com\/blog\/870\">born on 14 June 1907<\/a> in Worcester, Worcester County, Massachusetts, USA .\u00a0 He died on 23 Oct 2000 in Natick, Middlesex County, Massachusetts, USA. He\u00c2\u00a0and <strong>ANNA M. KOSCIUSKO<\/strong>, daughter of ADAM KOSCINCZYK and VALERIE HELEN BURAKIEWICZ, were married. \u00c2\u00a0She was born on 01 April 1910 in Worcester, Worcester County, Massachusetts .\u00a0 She died on 16 September 2002 in\u00c2\u00a0Medway, Norfolk County, Massachusetts, USA. \u00c2\u00a0Her parents were married on 21 May 1906 in Worcester, Worcester County, Massachusetts, USA.<\/p>\n<p>v. <strong>ANASTASIA RITA MELESKI <\/strong>was <a title=\"born on 22 February 1911\" href=\"https:\/\/stephendanko.com\/blog\/14277\">born on 22 February 1911<\/a> in Worcester, Worcester County, Massachusetts, USA .\u00a0 She <a title=\"died on 01 January 2000\" href=\"https:\/\/stephendanko.com\/blog\/929\">died on 01 January 2000<\/a> in Yarmouth, Barnstable County, Massachusetts, USA .\u00a0 She\u00c2\u00a0and (1) <strong>ALBERT FRANCIS BLACKMAN<\/strong>, son of CLIFFORD A. BLACKMAN AND JANE A. GOODRICH, were <a title=\"married on 08 May 1946\" href=\"https:\/\/stephendanko.com\/blog\/910\">married on\u00c2\u00a008 May 1946<\/a> in Worcester, Worcester County, Massachusetts, USA .\u00a0 He was in <a title=\"born on 27 August 1914\" href=\"https:\/\/stephendanko.com\/blog\/14136\">born\u00c2\u00a0on 27\u00c2\u00a0August 1914<\/a>\u00c2\u00a0in\u00c2\u00a0Boston, Suffolk County, Massachusetts, USA .\u00a0 He died on 11 July 1966 in Marlborough, Middlesex County, Massachusetts, USA and was <a title=\"buried in 1966\" href=\"https:\/\/stephendanko.com\/blog\/5436\">buried in 1966<\/a>\u00c2\u00a0in Notre Dame Cemetery, Worcester, Worcester County, Massachusetts, USA .\u00a0 His parents were <a href=\"https:\/\/stephendanko.com\/blog\/913\" target=\"_self\">married\u00c2\u00a0on\u00c2\u00a017 September 1907<\/a> in Boston, Suffolk County, Massachusetts, USA .\u00a0 She\u00c2\u00a0and (2) <strong>BERNARD JOSEPH IZBICKI<\/strong> were <a title=\"married on 04 June 1968\" href=\"https:\/\/stephendanko.com\/blog\/920\">married on 04 June 1968<\/a> in Worcester, Worcester County, Massachusetts, USA .\u00a0 He was <a title=\"born on 12 May 1910\" href=\"https:\/\/stephendanko.com\/blog\/935\">born on 12 May 1910<\/a> in\u00c2\u00a0Worcester, Worcester County, Massachusetts .\u00a0 He\u00c2\u00a0<a title=\"died on 30 April 1985\" href=\"https:\/\/stephendanko.com\/blog\/926\">died on 30 April 1985<\/a> in\u00c2\u00a0Boston, Suffolk County, Massachusetts, USA and was <a title=\"buried on 12 September 1985\" href=\"https:\/\/stephendanko.com\/blog\/5436\">buried on 12 September 1985<\/a> in Notre Dame Cemetery, Worcester, Worcester County, Massachusetts, USA.<\/p><\/blockquote>\n<p>3. <strong>HELEN ANNE CHMIELEWSKA<\/strong> (WINCENTY CHMIELEWSKI) was born on 15 February 1897 probably in Liki\u00c5\u00a1kiai, Vilnius Gubernia, Russia .\u00a0 She died on 23 November 1980 in Worcester, Worcester County, Massachusetts, USA and was <a title=\"buried on 25 November 1980\" href=\"https:\/\/stephendanko.com\/blog\/62\">buried on 25 November 1980<\/a> in Worcester County Memorial Park, Paxton, Worcester County, Massachusetts, USA .\u00a0\u00c2\u00a0She\u00c2\u00a0and <strong>KOSTANTY NIEDZIALKOWSKI<\/strong>, son of TEOFIL NIEDZIALKOWSKI and KSAWERA ZYGMUNTOWICZ,\u00a0were <a href=\"https:\/\/stephendanko.com\/blog\/609\" target=\"_self\">married on 10 July 1918<\/a> in Worcester, Worcester County, Massachusetts, USA. \u00c2\u00a0He was born on 28 October 1892 probably in Pomaski, Mak\u00f3w Powiat, \u0141om\u017ca Gubernia, Congress Kingdom of Poland .\u00a0 Traveling on the S.S. Ryndam, he <a title=\"arrived on 24 May 1910\" href=\"https:\/\/stephendanko.com\/blog\/84\">arrived on 24 May 1910<\/a> at Ellis Island, New York County, New York, USA .\u00a0 He died on 14 March 1978 in Worcester, Worcester County, Massachusetts, USA and was <a title=\"buried on 16 March 1978\" href=\"https:\/\/stephendanko.com\/blog\/62\">buried on 16 March 1978<\/a> in Worcester County Memorial Park, Paxton, Worcester County, Massachusetts, USA.<\/p>\n<p>Children of HELEN CHMIELEWSKA and KOSTANTY NIEDZIALKOWSKI are:<\/p>\n<blockquote><p>i. <strong>JANE ANN NIEDZIALKOWSKI<\/strong> was born on 06 October 1922 in Worcester, Worcester County, Massachusetts, USA\u00c2\u00a0and died on 16 April 1980 in Albany, Albany County, New York, USA.<\/p>\n<p>ii. <strong>FREDERIC FRANCIS NIEDZIALKOWSKI<\/strong> was born on 26 May 1924 in Worcester, Worcester County, Massachusetts, USA .\u00a0 He died on 23 January 2005 in Worcester, Worcester County, Massachusetts, USA and was <a title=\"buried on 27 January 2005\" href=\"https:\/\/stephendanko.com\/blog\/62\">buried on 27 January 2005<\/a> in Worcester County Memorial Park, Paxton, Worcester County, Massachusetts, USA .\u00a0 He married <strong>JANICE VIRGINIA QUINTIN<\/strong> on 05 Jun 1948 in Worcester, Worcester County, Massachusetts, USA, daughter of LEOPOLD QUINTIN and CELINA FONTAINE. \u00c2\u00a0She was born on 19 Aug 1925 in Fall River, Bristol County, Massachusetts, USA .\u00a0 She died on 05 April 2005 in Worcester, Worcester County, Massachusetts, USA and was <a title=\"buried on 09 April 2005\" href=\"https:\/\/stephendanko.com\/blog\/62\">buried on 09 April 2005<\/a> in Worcester County Memorial Park, Paxton, Worcester County, Massachusetts, USA.<\/p><\/blockquote>\n<p>4. <strong>ONA CHMIELEWSKA<\/strong> (WINCENTY CHMIELEWSKI) was born 18 Jun 1899 in Liki\u00c5\u00a1kiai, Co. Butrimonys, Alytaus Region, Russia, and died 31 May 1969 in Alytus, Alytaus Co., Lithuania, USSR. She married JONAS SAMSANAVICIUS. He was born 28 Jan 1887 in Stakli\u00c5\u00a1kes, Co. Jeznas, Trakai region, Gubernia Wilenska, Lithuania, and died 17 Jul 1980 in Paneve\u00c5\u00beys, Panevezio, Lithuania.<br \/>\nChildren of ONA CHMIELEWSKA and JONAS SAMSANAVICIUS are:<\/p>\n<blockquote><p>i. <strong>ELENA SAMSANAVICIUTE<\/strong>, died about 1996.<br \/>\nii. <strong>VYTAUTAS SAMSANAVICIUS<\/strong>, died Oct 2000.<br \/>\niii. <strong>JUOZAS SAMSANAVICIUS<\/strong> was born about 1927; died about 1936.<\/p><\/blockquote>\n<p style=\"text-align: center;\">Copyright \u00a9 2007-2009 by Stephen J. Danko<\/p>\n","protected":false},"excerpt":{"rendered":"<p>Generation No. 1 1. WINCENTY CHMIELEWSKI was born in Vilnius Gubernia, Russia, and died in Vilnius Gubernia, Russia. He married (1) SCHOLASTYKA WOJTCZUKA before 1874. He married (2) ANASTASIA WOJNOWSKA after 1886. She was born in Vilnius Gubernia, Russia, and &hellip; <a href=\"https:\/\/stephendanko.com\/blog\/chmielewski-genealogy\">Continue reading <span class=\"meta-nav\">&rarr;<\/span><\/a><\/p>\n","protected":false},"author":1,"featured_media":0,"parent":0,"menu_order":11,"comment_status":"open","ping_status":"open","template":"","meta":{"jetpack_post_was_ever_published":false,"footnotes":""},"class_list":["post-2847","page","type-page","status-publish","hentry"],"jetpack_shortlink":"https:\/\/wp.me\/PyBfX-JV","jetpack_sharing_enabled":true,"_links":{"self":[{"href":"https:\/\/stephendanko.com\/blog\/wp-json\/wp\/v2\/pages\/2847","targetHints":{"allow":["GET"]}}],"collection":[{"href":"https:\/\/stephendanko.com\/blog\/wp-json\/wp\/v2\/pages"}],"about":[{"href":"https:\/\/stephendanko.com\/blog\/wp-json\/wp\/v2\/types\/page"}],"author":[{"embeddable":true,"href":"https:\/\/stephendanko.com\/blog\/wp-json\/wp\/v2\/users\/1"}],"replies":[{"embeddable":true,"href":"https:\/\/stephendanko.com\/blog\/wp-json\/wp\/v2\/comments?post=2847"}],"version-history":[{"count":20,"href":"https:\/\/stephendanko.com\/blog\/wp-json\/wp\/v2\/pages\/2847\/revisions"}],"predecessor-version":[{"id":18208,"href":"https:\/\/stephendanko.com\/blog\/wp-json\/wp\/v2\/pages\/2847\/revisions\/18208"}],"wp:attachment":[{"href":"https:\/\/stephendanko.com\/blog\/wp-json\/wp\/v2\/media?parent=2847"}],"curies":[{"name":"wp","href":"https:\/\/api.w.org\/{rel}","templated":true}]}}