{"id":2836,"date":"2008-08-17T11:43:52","date_gmt":"2008-08-17T18:43:52","guid":{"rendered":"http:\/\/stephendanko.com\/blog\/descendants-of-willard-olds\/"},"modified":"2011-08-24T14:34:31","modified_gmt":"2011-08-24T21:34:31","slug":"olds-genealogy","status":"publish","type":"page","link":"https:\/\/stephendanko.com\/blog\/olds-genealogy","title":{"rendered":"Olds Genealogy"},"content":{"rendered":"<p style=\"text-align: center;\" data-mce-style=\"text-align: center;\"><em><strong>Generation No. 1<\/strong><\/em><\/p>\n<p>1.&nbsp;<strong>WILLARD OLDS<\/strong>&nbsp;was born in about 1804 in the USA. He and&nbsp;<strong>HANNAH ELIZABETH SHULTS<\/strong> were married. She was born in about 1802 in the USA. She <a title=\"died on 17 May 1877\" href=\"https:\/\/stephendanko.com\/blog\/2670\" target=\"_self\" data-mce-href=\"https:\/\/stephendanko.com\/blog\/2670\">died on 17 May 1877<\/a> in Philipsburg, Missisquoi County, Province of Qu\u00e9bec, Dominion of Canada and was <a title=\"buried on 19 May 1877\" href=\"https:\/\/stephendanko.com\/blog\/2670\" target=\"_self\" data-mce-href=\"https:\/\/stephendanko.com\/blog\/2670\">buried on 19 May 1877<\/a> in the Methodist Church of Canada, Philipsburg, Province of Qu\u00e9bec, Dominion of Canada.<\/p>\n<p>Children of&nbsp;WILLARD OLDS&nbsp;and&nbsp;HANNAH ELIZABETH SHULTS&nbsp;are:<\/p>\n<blockquote>\n<p>2. i. <strong>MALANCTON DWIGHT OLDS<\/strong> was <a title=\"born on 26 June 1827\" href=\"https:\/\/stephendanko.com\/blog\/2619\" target=\"_self\" data-mce-href=\"https:\/\/stephendanko.com\/blog\/2619\">born on 26 June 1827<\/a> in&nbsp;the&nbsp;USA and was <a title=\"baptized on 21 March 1897\" href=\"https:\/\/stephendanko.com\/blog\/2619\" target=\"_self\" data-mce-href=\"https:\/\/stephendanko.com\/blog\/2619\">baptized on 21 March 1897<\/a> in the Methodist Church at Philipsburg East, Philipsburg, Missisquoi County, Province of Qu\u00e9bec, Dominion of Canada.<\/p>\n<p>ii. <strong>GEORGE W. OLDS<\/strong> was born in about 1829 in the USA.<\/p>\n<p>3. iii. <strong>MARYETTE OLDS<\/strong> was <a title=\"born on 13 May 1833\" href=\"https:\/\/stephendanko.com\/blog\/2587\" target=\"_self\" data-mce-href=\"https:\/\/stephendanko.com\/blog\/2587\">born on 13 May 1833<\/a> in&nbsp;the&nbsp;USA and was <a title=\"baptized on 18 November 1866\" href=\"https:\/\/stephendanko.com\/blog\/2587\" target=\"_self\" data-mce-href=\"https:\/\/stephendanko.com\/blog\/2587\">baptized on 18 November 1866<\/a> in the Wesleyan Methodist Congregation, Circuit of Saint Armand, Missisquoi County, Canada East, Province of Canada. She died 14 Aug 1895 in Sheldon, Franklin County, Vermont, USA.<\/p>\n<p>iv. <strong>EMILY B. OLDS<\/strong> was born about 1838 in the USA.<\/p>\n<p>4. v. <strong>LORETTA FIDELIA OLDS<\/strong> was <a title=\"born on 01 October 1840\" href=\"https:\/\/stephendanko.com\/blog\/2644\" target=\"_self\" data-mce-href=\"https:\/\/stephendanko.com\/blog\/2644\">born on 01 October 1840<\/a> in the&nbsp;USA and was <a title=\"baptized on 06 May 1880\" href=\"https:\/\/stephendanko.com\/blog\/2644\" target=\"_self\" data-mce-href=\"https:\/\/stephendanko.com\/blog\/2644\">baptized on&nbsp;06 May 1880<\/a> in the Church of England at Philipsburg at the Parish of St. Armand West, Philipsburg, Missisquoi County, Province of Qu\u00e9bec, Dominion of Canada. She <a title=\"died 26 February 1821\" href=\"https:\/\/stephendanko.com\/blog\/2667\" target=\"_self\" data-mce-href=\"https:\/\/stephendanko.com\/blog\/2667\">died on 26 February 1921<\/a> in Philipsburg, Missisquoi County, Province of Qu\u00e9bec, Dominion of Canada and was <a title=\"buried 28 February 1921\" href=\"https:\/\/stephendanko.com\/blog\/2667\" target=\"_self\" data-mce-href=\"https:\/\/stephendanko.com\/blog\/2667\">buried on 28 February 1921<\/a> at the Philipsburg Protestant Cemetery, Philipsburg, Missisquoi County, Province of Qu\u00e9bec, Dominion of Canada.<\/p>\n<\/blockquote>\n<p style=\"text-align: center;\" data-mce-style=\"text-align: center;\"><em><strong>Generation No. 2<\/strong><\/em><\/p>\n<p>2. <strong>MALANCTON DWIGHT OLDS<\/strong> (WILLARD OLDS) was <a title=\"born on 26 June 1827\" href=\"https:\/\/stephendanko.com\/blog\/2619\" target=\"_self\" data-mce-href=\"https:\/\/stephendanko.com\/blog\/2619\">born on 26 June 1827<\/a> in&nbsp;the Province of Lower Canada and was <a title=\"baptized on 21 March 1897\" href=\"https:\/\/stephendanko.com\/blog\/2619\" target=\"_self\" data-mce-href=\"https:\/\/stephendanko.com\/blog\/2619\">baptized on 21 March 1897<\/a> in the Methodist Church at Philipsburg East, Philipsburg, Missisquoi County, Province of Qu\u00e9bec, Dominion of Canada. He and <strong>LOUISA ELMIRA STIMS<\/strong> were married. She died on 18 Jan 1908 in the Province of Qu\u00e9bec, Dominion of Canada and was buried on 19 Jan 1908 in the Parish of St. Armand West, Philipsburg, Province of Qu\u00e9bec, Dominion of Canada.<\/p>\n<p>Children of MELANCTION DWIGHT OLDS and LOUISA ELMIRA STIMS are:<\/p>\n<blockquote>\n<p>i. <strong>SIRENA OLDS<\/strong> was born in about 1849 in Canada East, Province of Canada.<\/p>\n<p>ii. <strong>EMILY JANE OLDS<\/strong> was <a title=\"born on 09 July 1869\" href=\"https:\/\/stephendanko.com\/blog\/2640\" target=\"_self\" data-mce-href=\"https:\/\/stephendanko.com\/blog\/2640\">born on 09 July 1869<\/a> in the Province of Qu\u00e9bec, Dominion of Canada&nbsp;and was <a title=\"baptized on 06 May 1880\" href=\"https:\/\/stephendanko.com\/blog\/2640\" target=\"_self\" data-mce-href=\"https:\/\/stephendanko.com\/blog\/2640\">baptized on 06 May 1880<\/a> in the Church of England at Philipsburg at the Parish of St. Armand West, Philipsburg, Missisquoi County, Province of Qu\u00e9bec, Dominion of Canada.<\/p>\n<\/blockquote>\n<p>3. <strong>MARYETTE OLDS<\/strong> (WILLARD OLDS) was <a title=\"born on 13 May 1833\" href=\"https:\/\/stephendanko.com\/blog\/2587\" target=\"_self\" data-mce-href=\"https:\/\/stephendanko.com\/blog\/2587\">born on 13 May 1833<\/a> in&nbsp;the Province of Lower Canada and was <a title=\"baptized on 18 November 1866\" href=\"https:\/\/stephendanko.com\/blog\/2587\" target=\"_self\" data-mce-href=\"https:\/\/stephendanko.com\/blog\/2587\">baptized on 18 November 1866<\/a> in the Wesleyan Methodist Congregation, Circuit of Saint Armand, Missisquoi Co., Canada East, Province of Canada. She died on 14 Aug 1895 in Sheldon, Franklin County, Vermont, USA. She and <strong>CLARK GIBSON<\/strong>, son of JOHN GIBSON and SARAH WATERS, were <a title=\"married on 04 November 1851\" href=\"https:\/\/stephendanko.com\/blog\/2593\" target=\"_self\" data-mce-href=\"https:\/\/stephendanko.com\/blog\/2593\">married on 04 November 1851<\/a> in the Baptist Church in Stanbridge, Missisquoi County, Canada East, Province of Canada.<\/p>\n<p>Children of MARYETTE OLDS and CLARK GIBSON are:<\/p>\n<blockquote>\n<p>i. <strong>WILLARD OLDS GIBSON<\/strong> was born on 09 November 1852 in Morrisville, Madison County, New York, USA, and died on 19 October 1931.<\/p>\n<p>ii. <strong>HANNAH GIBSON<\/strong> was born in about 1853-1854 in Canada East, Province of Qu\u00e9bec.<\/p>\n<p>iii. <strong>EMILY GIBSON<\/strong> was born in about 1855-1856 in the USA.<\/p>\n<p>iv. <strong>EMMA GIBSON<\/strong> was born in about 1857? in Frelighsburgh, Canada East, Province of Canada. She and NELSON W. LAKE were married on 16 July 1879 in Highgate, Franklin County, Vermont, USA.<\/p>\n<p>v. <strong>ADA MAY GIBSON<\/strong> was <a title=\"born on 04 August 1859\" href=\"https:\/\/stephendanko.com\/blog\/969\" target=\"_self\" data-mce-href=\"https:\/\/stephendanko.com\/blog\/969\">born on 04 August 1859<\/a> in Qu\u00e9bec, New France and was <a title=\"baptized on 21 March 1881\" href=\"https:\/\/stephendanko.com\/blog\/969\" target=\"_self\" data-mce-href=\"https:\/\/stephendanko.com\/blog\/969\">baptized on 21 March 1881<\/a> in the Methodist Church of Canada, Frelighsburg Circuit, Missisquoi Co., Canada East, Province of Canada, and died on 12 January 1955 in Auburn, Placer County, California, USA.<\/p>\n<p>vi. <strong>ARNOLD R. GIBSON<\/strong> was born on 17 August 1862 in Alburg, Grand Isle County, Vermont, USA, and died on 14 March 1928 in Worcester, Washington County, Vermont, USA.<\/p>\n<p>vii. <strong>HATTIE GIBSON<\/strong> was born in about 1865 in Philipsburg, Missisquoi County, Canada East, Province of Canada. She and <strong>HARLEY R. RICE<\/strong> were married on 06 December 1885 in Highgate, Franklin County, Vermont, USA.<\/p>\n<p>viii. <strong>MARTHA GIBSON<\/strong> was born in about 1869.<\/p>\n<p>ix. <strong>LEWIS DWIGHT GIBSON<\/strong> was born on 24 January 1874 in Philipsburg, Missisquoi County, Province of Qu\u00e9bec, Dominion of Canada. He died in about 1930.<\/p>\n<p>x. <strong>JOHN FRANK GIBSON<\/strong> was born in about 1875-1876 in the Province of Qu\u00e9bec, Dominion of Canada. He died on 17 Jan 1878 in St. Armand West, Missisquoi County, Province of Qu\u00e9bec, Dominion of Canada, and was buried on 18 January 1878 in Philipsburg, Missisquoi County, Province of Qu\u00e9bec, Dominion of Canada.<\/p>\n<\/blockquote>\n<p>4. <strong>LORETTA FIDELIA OLDS<\/strong> (WILLARD) was <a title=\"born on 01 October 1840\" href=\"https:\/\/stephendanko.com\/blog\/2644\" target=\"_self\" data-mce-href=\"https:\/\/stephendanko.com\/blog\/2644\">born on 01 October 1840<\/a> in the Province of Lower Canada and was <a title=\"baptized on 06 May 1880\" href=\"https:\/\/stephendanko.com\/blog\/2644\" target=\"_self\" data-mce-href=\"https:\/\/stephendanko.com\/blog\/2644\">baptized on 06 May 1880<\/a> in the Church of England at Philipsburg at the Parish of St. Armand West, Philipsburg, Missisquoi County, Province of Qu\u00e9bec, Dominion of Canada. She <a title=\"died on 26 February 1921\" href=\"https:\/\/stephendanko.com\/blog\/2667\" target=\"_self\" data-mce-href=\"https:\/\/stephendanko.com\/blog\/2667\">died on 26 February 1921<\/a> in Philipsburg, Missisquoi County, Province of Qu\u00e9bec, Dominion of Canada and&nbsp;was <a title=\"buried on 28 February 1921\" href=\"https:\/\/stephendanko.com\/blog\/2667\" target=\"_self\" data-mce-href=\"https:\/\/stephendanko.com\/blog\/2667\">buried on 28 February 1921<\/a>&nbsp;in the Philipsburg Protestant Cemetery, Philipsburg, Missisquoi County, Province of Qu\u00e9bec, Dominion of Canada. She and <strong>WILLIAM SYMMS, JR.<\/strong> were <a title=\"married on 07 November 1857\" href=\"https:\/\/stephendanko.com\/blog\/2664\" target=\"_self\" data-mce-href=\"https:\/\/stephendanko.com\/blog\/2664\">married 07 November 1857<\/a> in the Methodist Congregation of the Circuit of St. Armands, Missisquoi Co., Canada East, Province of Canada. He was buried at the Philipsburg Protestant Cemetery, Philipsburg, Missisquoi County, Province of Qu\u00e9bec, Dominion of Canada.<\/p>\n<p>Children of LORETTA FIDELIA OLDS and WILLIAM SYMMS are:<\/p>\n<blockquote>\n<p>i. <strong>CORA CAPTOLIA SYMMS<\/strong> was <a title=\"born on 02 February 1867\" href=\"https:\/\/stephendanko.com\/blog\/2648\" target=\"_self\" data-mce-href=\"https:\/\/stephendanko.com\/blog\/2648\">born on 02 February 1867<\/a> in the Province of Qu\u00e9bec, Dominion of Canada and was <a title=\"baptized on 06 May 1880\" href=\"https:\/\/stephendanko.com\/blog\/2648\" target=\"_self\" data-mce-href=\"https:\/\/stephendanko.com\/blog\/2648\">baptized on 06 May 1880<\/a> in the Church of England at Philipsburg at the Parish of St. Armand West, Philipsburg, Missisquoi County, Province of Qu\u00e9bec, Dominion of Canada.<\/p>\n<p>ii. <strong>LOUISA MAY SYMMS<\/strong> was <a title=\"born on 12 January 1872\" href=\"https:\/\/stephendanko.com\/blog\/2655\" target=\"_self\" data-mce-href=\"https:\/\/stephendanko.com\/blog\/2655\">born on 12 January 1872<\/a> in the Province of Qu\u00e9bec, Dominion of Canada and was <a title=\"baptized on 06 May 1880\" href=\"https:\/\/stephendanko.com\/blog\/2655\" target=\"_self\" data-mce-href=\"https:\/\/stephendanko.com\/blog\/2655\">baptized on 06 May 1880<\/a> in the Church of England at Philipsburg at the Parish of St. Armand West, Philipsburg, Missisquoi County, Province of Qu\u00e9bec, Dominion of Canada.<\/p>\n<p>iii. <strong>WILLIAM ARTHER SYMMS<\/strong> was <a title=\"born on 11 August 1876\" href=\"https:\/\/stephendanko.com\/blog\/2651\" target=\"_self\" data-mce-href=\"https:\/\/stephendanko.com\/blog\/2651\">born on 11 August 1876<\/a> in the Province of Qu\u00e9bec, Dominion of Canada and was <a title=\"baptized on 06 May 1880\" href=\"https:\/\/stephendanko.com\/blog\/2651\" target=\"_self\" data-mce-href=\"https:\/\/stephendanko.com\/blog\/2651\">baptized on 06 May 1880<\/a> in the Church of England at Philipsburg at the Parish of St. Armand West, Philipsburg, Missisquoi County, Province of Qu\u00e9bec, Dominion of Canada. He died on 20 May 1891 and was buried at the Philipsburg Protestant Cemetery, Philipsburg, Missisquoi County, Province of Qu\u00e9bec, Dominion of Canada.<\/p>\n<p>iv. <strong>LILLIAN BERTHA SYMMS<\/strong> was <a title=\"born on 11 August 1876\" href=\"https:\/\/stephendanko.com\/blog\/2661\" target=\"_self\" data-mce-href=\"https:\/\/stephendanko.com\/blog\/2661\">born on 11 August 1876<\/a> in the Province of Qu\u00e9bec, Dominion of Canada and was <a title=\"baptized on 06 May 1880\" href=\"https:\/\/stephendanko.com\/blog\/2661\" target=\"_self\" data-mce-href=\"https:\/\/stephendanko.com\/blog\/2661\">baptized on 06 May 1880<\/a> in the Church of England at Philipsburg at the Parish of St. Armand West, Philipsburg, Missisquoi County, Province of Qu\u00e9bec, Dominion of Canada.<\/p>\n<\/blockquote>\n<p style=\"text-align: center;\" data-mce-style=\"text-align: center;\">Copyright \u00a9 2007-2011 by Stephen J. Danko<\/p>\n","protected":false},"excerpt":{"rendered":"<p>Generation No. 1 1.&nbsp;WILLARD OLDS&nbsp;was born in about 1804 in the USA. He and&nbsp;HANNAH ELIZABETH SHULTS were married. She was born in about 1802 in the USA. She died on 17 May 1877 in Philipsburg, Missisquoi County, Province of Qu\u00e9bec, &hellip; <a href=\"https:\/\/stephendanko.com\/blog\/olds-genealogy\">Continue reading <span class=\"meta-nav\">&rarr;<\/span><\/a><\/p>\n","protected":false},"author":1,"featured_media":0,"parent":0,"menu_order":8,"comment_status":"open","ping_status":"open","template":"","meta":{"jetpack_post_was_ever_published":false,"footnotes":""},"class_list":["post-2836","page","type-page","status-publish","hentry"],"jetpack_shortlink":"https:\/\/wp.me\/PyBfX-JK","jetpack_sharing_enabled":true,"_links":{"self":[{"href":"https:\/\/stephendanko.com\/blog\/wp-json\/wp\/v2\/pages\/2836","targetHints":{"allow":["GET"]}}],"collection":[{"href":"https:\/\/stephendanko.com\/blog\/wp-json\/wp\/v2\/pages"}],"about":[{"href":"https:\/\/stephendanko.com\/blog\/wp-json\/wp\/v2\/types\/page"}],"author":[{"embeddable":true,"href":"https:\/\/stephendanko.com\/blog\/wp-json\/wp\/v2\/users\/1"}],"replies":[{"embeddable":true,"href":"https:\/\/stephendanko.com\/blog\/wp-json\/wp\/v2\/comments?post=2836"}],"version-history":[{"count":5,"href":"https:\/\/stephendanko.com\/blog\/wp-json\/wp\/v2\/pages\/2836\/revisions"}],"predecessor-version":[{"id":14461,"href":"https:\/\/stephendanko.com\/blog\/wp-json\/wp\/v2\/pages\/2836\/revisions\/14461"}],"wp:attachment":[{"href":"https:\/\/stephendanko.com\/blog\/wp-json\/wp\/v2\/media?parent=2836"}],"curies":[{"name":"wp","href":"https:\/\/api.w.org\/{rel}","templated":true}]}}