{"id":18964,"date":"2016-05-19T10:48:34","date_gmt":"2016-05-19T17:48:34","guid":{"rendered":"http:\/\/stephendanko.com\/blog\/?page_id=18964"},"modified":"2016-06-01T12:15:41","modified_gmt":"2016-06-01T19:15:41","slug":"zygmuntowicz-genealogy","status":"publish","type":"page","link":"https:\/\/stephendanko.com\/blog\/zygmuntowicz-genealogy","title":{"rendered":"Zygmuntowicz Genealogy"},"content":{"rendered":"<p style=\"text-align: center;\"><em><strong>Generation No. 1<\/strong><\/em><\/p>\n<p>1 .\u00a0 <strong>STANIS\u0141AW ZYGMUNTOWICZ<\/strong>\u00c2\u00a0was born in about 1828\u00c2\u00a0in\u00c2\u00a0Sokolowo, Congress Kingdom of Poland. He and ANNA IMIELSKA, daughter of \u00c2\u00a0STANIS\u0141AW IMIELSKI and FRANCISZKA [-?-] were married before 1849 in Congress Kingdom of Poland. She was born in about 1820 in Congress Kingdom of Poland. She <a href=\"https:\/\/stephendanko.com\/blog\/20148\">died on 10 October 1866<\/a> in \u0141aguny, Ciechan\u00f3w Powiat, P\u0142ock Gubernia, Congress Kingdom of Poland and was <a href=\"https:\/\/stephendanko.com\/blog\/20148\">buried on 11 October 1864<\/a> in Zielona, Ciechan\u00f3w Powiat, P\u0142ock Gubernia, Congress Kingdom of Poland. He and JULIANNA RUSZCZY\u0143SKA, daughter of ANTONI RUSCZY\u0143SKI and KATARZYNA SMOLE\u0143SKA were <a href=\"https:\/\/stephendanko.com\/blog\/18905\">married on 06 February 1867<\/a> in\u00c2\u00a0Pa\u0142uki, Ciechan\u00f3w Powiat, P\u0142ock Gubernia, Congress Kingdom of Poland.<\/p>\n<p>The children of STANIS\u0141AW ZYGMUNTOWICZ and\u00c2\u00a0ANNA IMIELSKA\u00c2\u00a0were:<\/p>\n<blockquote><p>i .\u00a0 <strong>JUSTYNA ZYGMUNTOWICZ\u00c2\u00a0<\/strong>was <a href=\"https:\/\/stephendanko.com\/blog\/18879\">born on\u00c2\u00a017 September\u00c2\u00a01849<\/a>\u00c2\u00a0in Skierki, Przasnysz Powiat, P\u0142ock Gubernia, Congress Kingdom of Poland and was b<a href=\"https:\/\/stephendanko.com\/blog\/18879\">aptized on 18 September 1849<\/a> in Przasnysz, Przasnysz Powiat, P\u0142ock Gubernia, Congress Kingdom of Poland. She <a href=\"https:\/\/stephendanko.com\/blog\/18882\">died on 19 July 1852<\/a> in\u00c2\u00a0Skierki, Przasnysz Powiat, P\u0142ock Gubernia, Congress Kingdom of Poland and was <a href=\"https:\/\/stephendanko.com\/blog\/18882\">buried\u00c2\u00a0on 20 July 1852<\/a>\u00c2\u00a0in Przasnysz, Przasnysz Powiat, P\u0142ock Gubernia, Congress Kingdom of Poland.<\/p>\n<p>ii .\u00a0 <strong>MARCIN\u00c2\u00a0ZYGMUNTOWICZ\u00c2\u00a0<\/strong>was <a href=\"https:\/\/stephendanko.com\/blog\/18893\">born on 15 November 1851<\/a>\u00c2\u00a0in Skierki, Przasnysz Powiat, P\u0142ock Gubernia, Congress Kingdom of Poland and was <a href=\"https:\/\/stephendanko.com\/blog\/18893\">baptized on 16 November 1851<\/a>\u00c2\u00a0in Przasnysz, Przasnysz Powiat, P\u0142ock Gubernia, Congress Kingdom of Poland. He <a href=\"https:\/\/stephendanko.com\/blog\/18900\">died on 14 September\u00c2\u00a01852<\/a> in\u00c2\u00a0Skierki, Przasnysz Powiat, P\u0142ock Gubernia, Congress Kingdom of Poland and was <a href=\"https:\/\/stephendanko.com\/blog\/18900\">buried\u00c2\u00a0on 15 September\u00c2\u00a01852<\/a>\u00c2\u00a0in Przasnysz, Przasnysz Powiat, P\u0142ock Gubernia, Congress Kingdom of Poland.<\/p>\n<p>iii .\u00a0 <strong>JAN ZYGMUNTOWICZ\u00c2\u00a0<\/strong>was <a href=\"https:\/\/stephendanko.com\/blog\/19229\">born on 03 January 1854<\/a>\u00c2\u00a0in Skierki, Przasnysz Powiat, P\u0142ock Gubernia, Congress Kingdom of Poland and was <a href=\"https:\/\/stephendanko.com\/blog\/19229\">baptized on 07 January\u00c2\u00a01854<\/a>\u00c2\u00a0in Przasnysz, Przasnysz Powiat, P\u0142ock Gubernia, Congress Kingdom of Poland.<\/p>\n<p>iv. \u00c2\u00a0<strong>EWA ZYGMUNTOWICZ\u00c2\u00a0<\/strong>was <a href=\"https:\/\/stephendanko.com\/blog\/19235\">born on 25 October 1855<\/a>\u00c2\u00a0in Skierki, Przasnysz Powiat, P\u0142ock Gubernia, Congress Kingdom of Poland and was <a href=\"https:\/\/stephendanko.com\/blog\/19235\">baptized on 25 October 1855<\/a>\u00c2\u00a0in Przasnysz, Przasnysz Powiat, P\u0142ock Gubernia, Congress Kingdom of Poland. She\u00c2\u00a0and J\u00d3ZEF ZA\u0141\u00c4\u02dcSKI \u00c2\u00a0were married in 1901 in\u00c2\u00a0Sielu\u0144, Mak\u00f3w Powiat, \u0141om\u017ca Gubernia, Congress Kingdom of Poland. She and\u00c2\u00a0J\u00d3ZEF D\u0141UGO\u0141\u00c4\u02dcKI were married in Congress Kingdom of Poland.<\/p>\n<p>v .\u00a0 <strong>FRANCISZEK KSAWERY ZYGMUNTOWICZ\u00c2\u00a0<\/strong>was <a href=\"https:\/\/stephendanko.com\/blog\/19783\">born on 03 December\u00c2\u00a01857<\/a>\u00c2\u00a0in \u0141aguny, Ciechan\u00f3w Powiat, P\u0142ock Gubernia, Congress Kingdom of Poland and was <a href=\"https:\/\/stephendanko.com\/blog\/19783\">baptized on 07\u00c2\u00a0December\u00c2\u00a01857<\/a>\u00c2\u00a0in Zielona, Ciechan\u00f3w Powiat, P\u0142ock Gubernia, Congress Kingdom of Poland.<\/p>\n<p>vi .\u00a0 <strong>J\u00d3ZEF\u00c2\u00a0ZYGMUNTOWICZ\u00c2\u00a0<\/strong>was<a href=\"https:\/\/stephendanko.com\/blog\/20128\"> born on 17 March 1862<\/a>\u00c2\u00a0in \u0141aguny, Ciechan\u00f3w Powiat, P\u0142ock Gubernia, Congress Kingdom of Poland and was <a href=\"https:\/\/stephendanko.com\/blog\/20128\">baptized on 23 March 1862<\/a> in Zielona, Ciechan\u00f3w Powiat, P\u0142ock Gubernia, Congress Kingdom of Poland. He <a href=\"https:\/\/stephendanko.com\/blog\/20133\">died on 02 September 1862<\/a> in\u00c2\u00a0\u0141aguny, Ciechan\u00f3w Powiat, P\u0142ock Gubernia, Congress Kingdom of Poland and was <a href=\"https:\/\/stephendanko.com\/blog\/20133\">buried on 03 September 1862<\/a> in\u00c2\u00a0Zielona, Ciechan\u00f3w Powiat, P\u0142ock Gubernia, Congress Kingdom of Poland.<\/p>\n<p>vii .\u00a0 <strong>KONSTANTY ZYGMUNTOWICZ\u00c2\u00a0<\/strong>was <a href=\"https:\/\/stephendanko.com\/blog\/20137\">born on 29 August 1864<\/a> in \u0141aguny, Ciechan\u00f3w Powiat, P\u0142ock Gubernia, Congress Kingdom of Poland and was <a href=\"https:\/\/stephendanko.com\/blog\/20137\">baptized on 11 September 1864<\/a> in Zielona, Ciechan\u00f3w Powiat, P\u0142ock Gubernia, Congress Kingdom of Poland. He died in 1866 in\u00c2\u00a0\u0141aguny, Ciechan\u00f3w Powiat, P\u0142ock Gubernia, Congress Kingdom of Poland and was buried in 1866 in\u00c2\u00a0Zielona, Ciechan\u00f3w Powiat, P\u0142ock Gubernia, Congress Kingdom of Poland.<\/p><\/blockquote>\n<p>The children of STANIS\u0141AW ZYGMUNTOWICZ and JULIANNA RUSZCZY\u0143SKA were:<\/p>\n<blockquote><p><em>2. viii .\u00a0 <strong>HELENA\u00c2\u00a0ZYGMUNTOWICZ\u00c2\u00a0<\/strong>was born in 1869 in \u0141aguny, Pu\u0142tusk Powiat, August\u00f3w Gubernia, Congress Kingdom of Poland. She and FELIKS NIEDZIA\u0141KOWSKI were married in 1891 in\u00c2\u00a0Szelk\u00f3w, Mak\u00f3w Powiat, \u0141om\u017ca Gubernia, Congress Kingdom of Poland.<\/em><\/p>\n<p><em>3. ix .\u00a0 <strong>KSAWERA\u00c2\u00a0ZYGMUNTOWICZ\u00c2\u00a0<\/strong>was born in 1869 in Ciepielewo, Mak\u00f3w Powiat, \u0141om\u017ca Gubernia, Congress Kingdom of Poland. She and TEOFIL\u00c2\u00a0NIEDZIA\u0141KOWSKI were married on 28 January 1892 in\u00c2\u00a0Szelk\u00f3w, Mak\u00f3w Powiat, \u0141om\u017ca Gubernia, Congress Kingdom of Poland.<\/em><\/p><\/blockquote>\n<p style=\"text-align: center;\"><em><strong>Generation No. 2<\/strong><\/em><\/p>\n<p>2 .\u00a0 <strong>HELENA\u00c2\u00a0ZYGMUNTOWICZ<\/strong>\u00c2\u00a0(STANIS\u0141AW) was born in 1869 in \u0141aguny, Pu\u0142tusk Powiat, August\u00f3w Gubernia, Congress Kingdom of Poland. She and FELIKS NIEDZIA\u0141KOWSKI were married in 1891 in Szelk\u00f3w, Mak\u00f3w Powiat, \u0141om\u017ca Gubernia, Congress Kingdom of Poland. He was the son of WOJCIECH NIEDZIA<em>\u0141<\/em>KOWSKI and JULIANNA GUTOWSKA.<\/p>\n<p>The children of HELENA\u00c2\u00a0ZYGMUNTOWICZ and FELIKS NIEDZIA<em>\u0141<\/em>KOWSKI\u00c2\u00a0were:<\/p>\n<blockquote><p>4. i .\u00a0 <strong>DAMJAN \u00c2\u00a0NIEDZIA\u0141KOWSKI [DAMIAN COSKY]\u00c2\u00a0<\/strong>was born on 22 May 1893 in Pomaski, Mak\u00f3w Powiat, \u0141om\u017ca Gubernia, Congress Kingdom of Poland and was baptized on 28 May 1893 in Szwelice, Mak\u00f3w Powiat, \u0141om\u017ca Gubernia, Congress Kingdom of Poland. He died in May 1867 in Worcester, Worcester County, Massachusetts, USA.<\/p>\n<p>ii. <strong>WAC\u0141AW NIEDZIA\u0141KOWSKI<\/strong> was born on 25 April 1897 in Bulkowo Nowe, Congress Kingdom of Poland, and baptized in May 1897 in Winnica, Congress Kingdom of Poland. He died in 1906\u00c2\u00a0in Ciepielewo, Mak\u00f3w Powiat, \u0141om\u017ca Gubernia, Congress Kingdom of Poland.<\/p>\n<p>iii. <strong>CZES\u0141AWA <\/strong><strong>NIEDZIA\u0141KOWSKI<\/strong> was born on 07 December\u00c2\u00a01899\u00c2\u00a0in \u015aliski, Congress Kingdom of Poland, and baptized on 24 December 1899\u00c2\u00a0in Zatory, Congress Kingdom of Poland.<\/p>\n<p>iv .\u00a0<strong>ROMAN\u00c2\u00a0NIEDZIA\u0141KOWSKI<\/strong> was born in about August 1904 in Ciepielewo, Mak\u00f3w Powiat, \u0141om\u017ca Gubernia, Congress Kingdom of Poland. He died on 29 April 1905 in\u00c2\u00a0Ciepielewo, Mak\u00f3w Powiat, \u0141om\u017ca Gubernia, Congress Kingdom of Poland.<\/p>\n<p>v .\u00a0<strong>WAC\u0141AW NIEDZIA\u0141KOWSKI<\/strong> was born in 1899 in\u00c2\u00a0\u015aliski, Congress Kingdom of Poland.<\/p><\/blockquote>\n<p>3 .\u00a0 <strong>KSAWERA\u00c2\u00a0ZYGMUNTOWICZ<\/strong>\u00c2\u00a0(STANIS\u0141AW) was born in 1869 in <em>Ciepielewo, Mak\u00f3w Powiat, \u0141om\u017ca Gubernia, Congress Kingdom of Poland. She and TEOFIL\u00c2\u00a0NIEDZIA\u0141KOWSKI, the son of WOJCIECH NIEDZIA\u0141KOWSKI and JULIANNA GUTOWSKA, were married in 1891 in Szelk\u00f3w, Mak\u00f3w Powiat, \u0141om\u017ca Gubernia, Congress Kingdom of Poland. He was born in 1861 in Szelk\u00f3w, Mak\u00f3w Powiat, \u0141om\u017ca Gubernia, Congress Kingdom of Poland and baptized in 1861 in\u00c2\u00a0Szelk\u00f3w, Mak\u00f3w Powiat, \u0141om\u017ca Gubernia, Congress Kingdom of Poland. He <a href=\"https:\/\/stephendanko.com\/blog\/18869\">died on 01 May 1933<\/a> in\u00c2\u00a0Pomaski, Mak\u00f3w Powiat, Warsaw Voivodeship, Second Polish Republic and was <a href=\"https:\/\/stephendanko.com\/blog\/18869\">buried on 04 May 1933<\/a> in\u00c2\u00a0Szwelice, Mak\u00f3w Powiat, Warsaw Voivodeship, Second Polish Republic.<\/em><\/p>\n<p>The children of KSAWERA\u00c2\u00a0ZYGMUNTOWICZ and TEOFIL\u00c2\u00a0NIEDZIA<em>\u0141<\/em>KOWSKI\u00c2\u00a0were:<\/p>\n<blockquote><p>5. i .\u00a0 <strong>KONSTANTY\u00c2\u00a0 NIEDZIA\u0141KOWSKI [KOSTANTY NIEDZIALKOWSKI] <\/strong>was <a href=\"https:\/\/stephendanko.com\/blog\/18912\">born on 28 October 1892<\/a> in Ciepielewo, Mak\u00f3w Powiat, \u0141om\u017ca Gubernia, Congress Kingdom of Poland and was <a href=\"https:\/\/stephendanko.com\/blog\/18912\">baptized on 04 November 1892<\/a> in Szelk\u00f3w, Mak\u00f3w Powiat, \u0141om\u017ca Gubernia, Congress Kingdom of Poland. He died on 14 March 1978 in Worcester, Worcester County, Massachusetts, USA and was <a href=\"http:\/\/www.wcmp.org\/burials\/konstanty-niedzialkowski\/3217\/\">buried on 16 Mar 1978<\/a> in Paxton, Worcester Co., Massachusetts, USA in Worcester County Memorial Park, Garden of Faith Crypts, Lot 34, Grave 3.<\/p>\n<p>ii. <strong>TOMASZ NIEDZIA\u0141KOWSKI<\/strong> was <a href=\"https:\/\/stephendanko.com\/blog\/18921\">born on 21 December 1894<\/a>\u00c2\u00a0in Pomaski, Mak\u00f3w Powiat, \u0141om\u017ca Gubernia, Congress Kingdom of Poland and was <a href=\"https:\/\/stephendanko.com\/blog\/18921\">baptized on 23 December 1894<\/a>\u00c2\u00a0in\u00c2\u00a0Szwelice, Mak\u00f3w Powiat, \u0141om\u017ca Gubernia, Congress Kingdom of Poland. He <a href=\"https:\/\/stephendanko.com\/blog\/18925\">died on 11 February 1906<\/a>\u00c2\u00a0in\u00c2\u00a0Pomaski, Mak\u00f3w Powiat, \u0141om\u017ca Gubernia, Congress Kingdom of Poland and was <a href=\"https:\/\/stephendanko.com\/blog\/18925\">buried on 12 February 1906<\/a> in Szwelice, Mak\u00f3w Powiat, \u0141om\u017ca Gubernia, Congress Kingdom of Poland.<\/p>\n<p>iii. <strong>J\u00d3ZEF NIEDZIA\u0141KOWSKI<\/strong> was\u00c2\u00a0<a title=\"born on 05 May 1897\" href=\"https:\/\/stephendanko.com\/blog\/646\" target=\"_self\">born on 05 May 1897<\/a> in Pomaski,\u00a0Mak\u00f3w Powiat, \u0141om\u017ca Gubernia,\u00a0Congress Kingdom of Poland\u00c2\u00a0and was <a title=\"baptized on 16 May 1897\" href=\"https:\/\/stephendanko.com\/blog\/646\" target=\"_self\">baptized 16 May 1897<\/a> in Szwelice, Mak\u00f3w Powiat, \u0141om\u017ca Gubernia, Congress Kingdom of Poland. He and J\u00d3ZEFA KOLAROWIRA were <a title=\"married on 28 January 1928\" href=\"https:\/\/stephendanko.com\/blog\/649\" target=\"_self\">married <\/a><a title=\"married on 28 January 1928\" href=\"https:\/\/stephendanko.com\/blog\/649\" target=\"_self\">on\u00c2\u00a028 January 1928<\/a> in Szelk\u00f3w, Mak\u00f3w Mazowiecki Powiat, Warsaw Voivodeship, Second Polish Republic .\u00a0 He and ANASTASIA CHE\u0141CHOWSKA were <a title=\"married on 12 July 1934\" href=\"https:\/\/stephendanko.com\/blog\/649\" target=\"_self\">married on\u00c2\u00a012 July 1934<\/a> in Szelk\u00f3w, Mak\u00f3w Mazowiecki Powiat, Warsaw Voivodeship, Second Polish Republic. She was the daughter of LUDWIK\u00c2\u00a0CHE\u0141CHOWSKI and W\u0141ADYS\u0141AWA BRZUZY, born in about 1914 in Sielc Nowy, Congress Kingdom of Poland.<\/p>\n<p>iv. <strong>SABINA NIEDZIA\u0141KOWSKA<\/strong> was\u00c2\u00a0<a title=\"born on 13 October 1899\" href=\"https:\/\/stephendanko.com\/blog\/652\" target=\"_self\">born on 13 October 1899<\/a>\u00c2\u00a0in\u00c2\u00a0Pomaski,\u00a0Mak\u00f3w Powiat, \u0141om\u017ca Gubernia, Congress Kingdom of Poland\u00c2\u00a0and was <a title=\"baptized on 15 October 1899\" href=\"https:\/\/stephendanko.com\/blog\/652\" target=\"_self\">baptized on 15 October 1899<\/a> in Szwelice, Mak\u00f3w Powiat, \u0141om\u017ca Gubernia, Congress Kingdom of Poland .\u00a0 She and EDWARD NOWAKOWSKI were <a title=\"married on 14 September 1924\" href=\"https:\/\/stephendanko.com\/blog\/656\" target=\"_self\">married on\u00c2\u00a014 September 1924<\/a> in\u00c2\u00a0Szwelice, Mak\u00f3w Mazowiecki Powiat, Warsaw Voivodeship, Second Polish Republic.<\/p>\n<p>v. <strong>STANIS\u0141AW NIEDZIA\u0141KOWSKI<\/strong> was\u00c2\u00a0<a title=\"born on 26 March 1902\" href=\"https:\/\/stephendanko.com\/blog\/660\" target=\"_self\">born\u00c2\u00a0on 26\u00c2\u00a0March 1902<\/a> in Pomaski,\u00a0Mak\u00f3w Powiat, \u0141om\u017ca Gubernia, Congress Kingdom of Poland and was <a title=\"baptized on 24 March 1902\" href=\"https:\/\/stephendanko.com\/blog\/660\" target=\"_self\">baptized on\u00c2\u00a024 March 1902<\/a> in Szwelice, Mak\u00f3w Powiat, \u0141om\u017ca Gubernia, Congress Kingdom of Poland .\u00a0 He and MARIANNA DOMASZEWSKA were <a title=\"married on 15 August 1937\" href=\"https:\/\/stephendanko.com\/blog\/661\" target=\"_self\">married on\u00c2\u00a015 August 1937<\/a> in Pu\u0142tusk, Pu\u0142tusk Powiat, Warsaw Voivodeship, Second Polish Republic.<\/p>\n<p>vi. <strong>WINCENTY\u00c2\u00a0NIEDZIA\u0141KOWSKI<\/strong> was born on 30 May 1905 in\u00c2\u00a0Pomaski, Mak\u00f3w Powiat, \u0141om\u017ca Gubernia, Congress Kingdom of Poland and was baptized on 01 Jun 1905 in\u00c2\u00a0Szwelice, Mak\u00f3w Powiat, \u0141om\u017ca Gubernia, Congress Kingdom of Poland.<\/p>\n<p>vii .\u00a0<strong>JANINA\u00c2\u00a0NIEDZIA\u0141KOWSKA<\/strong>\u00c2\u00a0was born on 14 October 1907\u00c2\u00a0in\u00c2\u00a0Pomaski, Mak\u00f3w Powiat, \u0141om\u017ca Gubernia, Congress Kingdom of Poland and was baptized on 20 October 1907\u00c2\u00a0in\u00c2\u00a0Szwelice, Mak\u00f3w Powiat, \u0141om\u017ca Gubernia, Congress Kingdom of Poland.<\/p><\/blockquote>\n<p style=\"text-align: center;\"><em><strong>Generation No. 3<\/strong><\/em><\/p>\n<p>4 .\u00a0 <strong>DAMJAN NIEDZIA\u0141KOWSKI [DAMIAN COSKY]<\/strong>\u00c2\u00a0(HELENA,\u00a0STANIS\u0141AW)\u00c2\u00a0was born on 22 May 1893 in Pomaski, Mak\u00f3w Powiat, \u0141om\u017ca Gubernia, Congress Kingdom of Poland and was baptized on 28 May 1893 in Szwelice, Mak\u00f3w Powiat, \u0141om\u017ca Gubernia, Congress Kingdom of Poland. He died in May 1867 in Worcester, Worcester County, Massachusetts, USA. He and CAROLINE A. GUCWA, daughter of J\u00d3ZEF GUCWA AND ZOFIA WAS, were married on 25 November 1926 in Worcester, Worcester County, Massachusetts, USA (Saint Mary&#8217;s Church). She was born on 16 December 1898 in Borowa, \u015aw\u0119nciany Powiat, Vilniius Gubernia, Russian Empire.<\/p>\n<p>The child of DAMIAN COSKY\u00c2\u00a0and CAROLINE A. GUCWA\u00c2\u00a0weas:<\/p>\n<blockquote><p>i .\u00a0 <strong>TERESE C. COSKY\u00c2\u00a0<\/strong>was born on 26 December 1927 in Worcester, Worcester County, Massachusetts, USA. She died on 11 April 2013 in Worcester, Worcester County, Massachusetts, USA. She and ROBERT W. HANLEY were married. He was born on 19 November 1921 in Massachusetts, USA. He died on 17 April 1993 in Fort Lauderdale, Broward County, Florida, USA.<\/p><\/blockquote>\n<p>5 .\u00a0 <strong>KONSTANTY NIEDZIA\u0141KOW<\/strong>SKI\u00c2\u00a0[KOSTANTY NIEDZIALKOWSKI] (HELENA, STANIS\u0141AW) was <a href=\"https:\/\/stephendanko.com\/blog\/18912\">born on 28 October 1892<\/a>\u00c2\u00a0in Ciepielewo, Mak\u00f3w Powiat, \u0141om\u017ca Gubernia, Congress Kingdom of Poland and was <a href=\"https:\/\/stephendanko.com\/blog\/18912\">baptized on 04 November\u00c2\u00a01892<\/a> in\u00c2\u00a0Szelk\u00f3w, Mak\u00f3w Powiat, \u0141om\u017ca Gubernia, Congress Kingdom of Poland .\u00a0He died on 14 March 1978 in Worcester, Worcester County, Massachusetts, USA and was <a href=\"http:\/\/www.wcmp.org\/burials\/konstanty-niedzialkowski\/3217\/\">buried on 16 Mar 1978<\/a> in Paxton, Worcester Co., Massachusetts, USA in Worcester County Memorial Park, Garden of Faith Crypts, Lot 34, Grave 3. He and\u00c2\u00a0HELEN ANNE CHMIELEWSKA, daughter of WINCENTY CHMIELEWSKI and ANASTASIA WOJNOWSKA, were\u00c2\u00a0<a title=\"married on 10 July 1918\" href=\"https:\/\/stephendanko.com\/blog\/609\" target=\"_self\">married on 10 Jul 1918<\/a> in Worcester, Worcester County, Massachusetts, USA. She was born on 03 February 1895 in Liki\u00c5\u00a1k\u00c4\u2014s, Vilnius Gubernia, Russian Empire and was baptized on 10 February 1895 in Stakli\u00c5\u00a1k\u00c4\u2014s, Vilnius Gubernia, Russian Empire. She died on 23 November 1980 in Worcester, Worcester County, Massachusetts, USA and was <a href=\"http:\/\/www.wcmp.org\/burials\/helen-a-niedzialkowski\/4192\/\">buried on 25 November 1980<\/a> in Paxton, Worcester County, Massachusetts, USA in\u00c2\u00a0Worcester County Memorial Park, Garden of Faith Crypts, Lot 34, Grave 3 UP.<\/p>\n<p>Children of KOSTANTY NIEDZIA\u0141KOWSKI and HELEN CHMIELEWSKA are:<\/p>\n<blockquote><p>6 .\u00a0<strong>NATALIE VERONICA NIEDZIALKOWSKI<\/strong> was born on 04 February 1920 in Worcester, Worcester County, Massachusetts, USA. She died on 19 September 2013 in Duxbury, Plymouth County, Massachusetts, USA and her ashes were interred on 21 October 2013 in <a href=\"http:\/\/www.cem.va.gov\/cems\/nchp\/massachusetts.asp\">Massachusetts National Cemetery<\/a>, Bourne, Barnstable County, Massachusetts, USA, Section C, Row A, Site 35. She and\u00c2\u00a0RALPH FRANCIS RAWDING, son of ALLISTER DANIEL RAWDING, SR. and HANNAH CATHERINE CURRAN, were married on 03 October 1942 in Worcester, Worcester County, Massachusetts. He was born on 30 July 1918 in Norwood, Norfolk County, Massachusetts, USA. He died on 17 December 1996 in Scarborough, Cumberland County, Maine, USA and was buried on 28 March 1997 in <a href=\"http:\/\/www.cem.va.gov\/cems\/nchp\/massachusetts.asp\">Massachusetts National Cemetery<\/a>, Bourne, Barnstable County, Massachusetts, USA, Section C, Row A, Site 35.<\/p>\n<p>7.<strong> RAYMOND JOHN NIEDZIALKOWSKI<\/strong>\u00c2\u00a0was born on 30 August 1921 in Worcester, Worcester County, Massachusetts, USA .\u00a0 He died on 30 January 2012 in Worcester, Worcester County, Massachusetts, USA and was buried on 04\u00c2\u00a0February 2012\u00c2\u00a0in St. Mary Cemetery, Randolph, Norfolk County, Massachusetts, USA .\u00a0 He and MARY LOUISE O&#8217;CONNOR, daughter of\u00c2\u00a0DENNIS VALENTINE O&#8217;CONNOR\u00c2\u00a0and HANNAH TOBIN were married on 24 May 1952 in Boston, Suffolk County, Massachusetts, USA .\u00a0 She was born on 15 July 1921 in Knocknagoshel, County Kerry, Ireland .\u00a0 She died on 22 November 1982 in Randolph, Norfolk County, Massachusetts, USA and was buried on 25 November 1982 in St Mary Cemetery,\u00a0Randolph, Norfolk County, Massachusetts, USA.<\/p>\n<p>8. \u00c2\u00a0<strong>JANE ANN NIEDZIALKOWSKI <\/strong>was born on 06 October 1922 in Worcester, Worcester County, Massachusetts, USA. She died on 16 April 1980 in Albany, Albany County, New York, USA and was buried after 16 April 1980 in Our Lady of Angels Cemetery, Albany, Albany County, New York, USA, Saint Francis Shrine. She and FRANCIS JOSEPH DANKO, son of\u00c2\u00a0MICHA\u0141 JAKUB DA\u0143KO and MARIANNA DZIURZY\u0143SKA,\u00a0were married on 22 May 1947 in Worcester, Worcester County, Massachusetts, USA. He was born on 21 January 1924 in Worcester, Worcester County, Massachusetts, USA and was baptized on 23 May 1928 in Worcester, Worcester County, Massachusetts, USA. He died on 04 January 2012 in Albany, Albany County, New York, USA and was buried on 09 January 2012 in Our Lady of Angels Cemetery, Albany, Albany County, New York, USA.<\/p>\n<p>9. <strong>FREDERICK FRANCIS NIEDZIALKOWSKI<\/strong>\u00c2\u00a0was born on 26 May 1924 in Worcester, Worcester County, Massachusetts, USA .\u00a0 He died on 23 January 2005 in Worcester, Worcester County, Massachusetts, USA\u00c2\u00a0and was <a href=\"http:\/\/www.wcmp.org\/burials\/frederick-f-niedzialkowski\/16896\/\">buried on 27 January 2005<\/a> in Worcester County Memorial Park, Paxton, Worcester County, Massachusetts, USA, Garden of Faith Crypts, Lot 34, Grave 4. \u00c2\u00a0He and JANICE VIRGINIA QUINTIN, daughter of LEOPOLD FRAN\u00ed\u2021OIS QUINTIN and CELINA PHILOMENE FONTAINE,\u00a0were married on 05 June 1948 in Worcester, Worcester County, Massachusetts, USA .\u00a0\u00c2\u00a0She was born on 19 August 1925 in Fall River, Bristol County, Massachusetts, USA .\u00a0 She died on 05 April 2005 in Worcester, Worcester County, Massachusetts, USA and was <a href=\"http:\/\/www.wcmp.org\/burials\/janice-v-niedzialkowski\/17020\/\">buried on 09 April 2005<\/a> in Worcester County Memorial Park, Paxton, Worcester County, Massachusetts, USA,\u00a0Garden of Faith Crypts, Lot 34, Grave 4.<\/p>\n<p>10 .\u00a0<strong>HENRY PAUL NIEDZIALKOWSKI<\/strong> was\u00c2\u00a0born on 09 May 1926 in\u00c2\u00a0Worcester, Worcester County, Massachusetts, USA .\u00a0 He died on 02 October 2014\u00c2\u00a0in\u00c2\u00a0Worcester, Worcester County, Massachusetts, USA and was <a href=\"http:\/\/www.wcmp.org\/burials\/henry-p-niedzialkowski\/25053\/\">buried on 10 October 2014<\/a> in Worcester County Memorial Park, Paxton, Worcester County, Massachusetts, USA, Garden of Faith Crypts, Lot 43, Grave D4.<\/p><\/blockquote>\n<p style=\"text-align: center;\">Copyright \u00a9 2016 by Stephen J. Danko<\/p>\n","protected":false},"excerpt":{"rendered":"<p>Generation No. 1 1 .\u00a0 STANIS\u0141AW ZYGMUNTOWICZ\u00c2\u00a0was born in about 1828\u00c2\u00a0in\u00c2\u00a0Sokolowo, Congress Kingdom of Poland. He and ANNA IMIELSKA, daughter of \u00c2\u00a0STANIS\u0141AW IMIELSKI and FRANCISZKA [-?-] were married before 1849 in Congress Kingdom of Poland. She was born in about &hellip; <a href=\"https:\/\/stephendanko.com\/blog\/zygmuntowicz-genealogy\">Continue reading <span class=\"meta-nav\">&rarr;<\/span><\/a><\/p>\n","protected":false},"author":1,"featured_media":0,"parent":0,"menu_order":0,"comment_status":"closed","ping_status":"closed","template":"","meta":{"jetpack_post_was_ever_published":false,"footnotes":""},"class_list":["post-18964","page","type-page","status-publish","hentry"],"jetpack_shortlink":"https:\/\/wp.me\/PyBfX-4VS","jetpack_sharing_enabled":true,"_links":{"self":[{"href":"https:\/\/stephendanko.com\/blog\/wp-json\/wp\/v2\/pages\/18964","targetHints":{"allow":["GET"]}}],"collection":[{"href":"https:\/\/stephendanko.com\/blog\/wp-json\/wp\/v2\/pages"}],"about":[{"href":"https:\/\/stephendanko.com\/blog\/wp-json\/wp\/v2\/types\/page"}],"author":[{"embeddable":true,"href":"https:\/\/stephendanko.com\/blog\/wp-json\/wp\/v2\/users\/1"}],"replies":[{"embeddable":true,"href":"https:\/\/stephendanko.com\/blog\/wp-json\/wp\/v2\/comments?post=18964"}],"version-history":[{"count":6,"href":"https:\/\/stephendanko.com\/blog\/wp-json\/wp\/v2\/pages\/18964\/revisions"}],"predecessor-version":[{"id":20154,"href":"https:\/\/stephendanko.com\/blog\/wp-json\/wp\/v2\/pages\/18964\/revisions\/20154"}],"wp:attachment":[{"href":"https:\/\/stephendanko.com\/blog\/wp-json\/wp\/v2\/media?parent=18964"}],"curies":[{"name":"wp","href":"https:\/\/api.w.org\/{rel}","templated":true}]}}